{"id":2386,"date":"2020-01-03T22:16:13","date_gmt":"2020-01-03T21:16:13","guid":{"rendered":"http:\/\/studio-bq.com\/?page_id=2386"},"modified":"2020-02-10T16:37:10","modified_gmt":"2020-02-10T15:37:10","slug":"bq-equipment","status":"publish","type":"page","link":"https:\/\/studio-bq.com\/en\/bq-equipment\/","title":{"rendered":"BQ Equipment"},"content":{"rendered":"<div class=\"vc_row wpb_row vc_row-fluid la_fp_slide la_fp_child_section\"><div class=\"wpb_column vc_column_container vc_col-sm-12\"><div class=\"vc_column-inner\"><div class=\"wpb_wrapper\"><div class=\"wpb_revslider_element wpb_content_element\">\n\t\t\t<!-- START bqequipment REVOLUTION SLIDER 6.5.20 --><p class=\"rs-p-wp-fix\"><\/p>\n\t\t\t<rs-module-wrap id=\"rev_slider_11_1_wrapper\" data-source=\"gallery\" style=\"visibility:hidden;background:transparent;padding:0;margin:0px auto;margin-top:0;margin-bottom:0;\">\n\t\t\t\t<rs-module id=\"rev_slider_11_1\" style=\"\" data-version=\"6.5.20\">\n\t\t\t\t\t<rs-slides>\n\t\t\t\t\t\t<rs-slide style=\"position: absolute;\" data-key=\"rs-32\" data-title=\"Slide 1\" data-ssop=\"true\" data-anim=\"ms:600;r:0;\" data-in=\"o:0;\" data-out=\"a:false;\">\n\t\t\t\t\t\t\t<img loading=\"lazy\" decoding=\"async\" src=\"\/\/studio-bq.com\/wp-content\/plugins\/revslider\/public\/assets\/assets\/dummy.png\" alt=\"\" width=\"1920\" height=\"1220\" class=\"rev-slidebg tp-rs-img rs-lazyload\" data-lazyload=\"\/\/studio-bq.com\/wp-content\/uploads\/2019\/09\/stefan-otto-studio-bq-dresden-bq-equipment-header.jpg\" data-bg=\"p:center top;\" data-parallax=\"off\" data-no-retina>\n<!---->\t\t\t\t\t\t<\/rs-slide>\n\t\t\t\t\t<\/rs-slides>\n\t\t\t\t\t<rs-static-layers><!--\n\t\t\t\t\t--><\/rs-static-layers>\n\t\t\t\t<\/rs-module>\n\t\t\t\t<script>\n\t\t\t\t\tsetREVStartSize({c: 'rev_slider_11_1',rl:[1240,1024,778,480],el:[868,768,600,500],gw:[1240,1024,778,480],gh:[868,768,600,500],type:'standard',justify:'',layout:'fullwidth',mh:\"0\"});if (window.RS_MODULES!==undefined && window.RS_MODULES.modules!==undefined && window.RS_MODULES.modules[\"revslider111\"]!==undefined) {window.RS_MODULES.modules[\"revslider111\"].once = false;window.revapi11 = undefined;if (window.RS_MODULES.checkMinimal!==undefined) window.RS_MODULES.checkMinimal()}\n\t\t\t\t<\/script>\n\t\t\t<\/rs-module-wrap>\n\t\t\t<!-- END REVOLUTION SLIDER -->\n<\/div><\/div><\/div><\/div><div class=\"wpb_column vc_column_container vc_col-sm-12 vc_col-has-fill\"><div class=\"vc_column-inner vc_custom_1578251685873\"><div class=\"wpb_wrapper\"><div id=\"la_divider6a0790dba7513\" class=\"js-el la-divider la-unit-responsive\" data-la_component=\"UnitResponsive\"  data-el_target='#la_divider6a0790dba7513'  data-el_media_sizes='{&quot;padding-top&quot;:&quot;lg:65px;&quot;}' ><\/div>\n<div id=\"la_heading_6a0790dba763c\" class=\"la-headings text-center\"><h3 class=\"js-el heading-tag la-unit-responsive three-font-family font-weight-400\" style=\"font-family:PT Sans;font-weight:400;font-style:normal\"  data-la_component=\"UnitResponsive\"  data-el_target='#la_heading_6a0790dba763c .heading-tag'  data-el_media_sizes='{&quot;font-size&quot;:&quot;lg:36px;md:36px;sm:30px;xs:24px;&quot;,&quot;line-height&quot;:&quot;lg:50px;md:36px;sm:30px;xs:24px;&quot;}' >Trai\u00adnings\u00adequip\u00adment f\u00fcr Zu\u00adhau\u00adse und Stu\u00addi\u00ados<\/h3><\/div>\n<div id=\"la_divider6a0790dba778d\" class=\"js-el la-divider la-unit-responsive\" data-la_component=\"UnitResponsive\"  data-el_target='#la_divider6a0790dba778d'  data-el_media_sizes='{&quot;padding-top&quot;:&quot;lg:40px;&quot;}' ><\/div>\n<\/div><\/div><\/div><\/div><div data-vc-full-width=\"true\" data-vc-full-width-init=\"false\" class=\"vc_row wpb_row vc_row-fluid vc_custom_1578253317169 vc_row-has-fill la_fp_slide la_fp_child_section\"><div class=\"wpb_animate_when_almost_visible wpb_fadeIn fadeIn wpb_column vc_column_container vc_col-sm-4\"><div class=\"vc_column-inner\"><div class=\"wpb_wrapper\"><div id=\"la_divider6a0790dba7b1f\" class=\"js-el la-divider la-unit-responsive\" data-la_component=\"UnitResponsive\"  data-el_target='#la_divider6a0790dba7b1f'  data-el_media_sizes='{&quot;padding-top&quot;:&quot;lg:15px;&quot;}' ><\/div>\n<div id=\"la_heading_6a0790dba7c1c\" class=\"la-headings text-center\"><h3 class=\"js-el heading-tag la-unit-responsive three-font-family font-weight-400\" style=\"\" >BQ Home Equip\u00adment<\/h3><\/div>\n<div id=\"la_divider6a0790dba7c7a\" class=\"js-el la-divider la-unit-responsive\" data-la_component=\"UnitResponsive\"  data-el_target='#la_divider6a0790dba7c7a'  data-el_media_sizes='{&quot;padding-top&quot;:&quot;lg:65px;&quot;}' ><\/div>\n\n\t<div  class=\"wpb_single_image wpb_content_element vc_align_center  wpb_animate_when_almost_visible wpb_fadeIn fadeIn\">\n\t\t\n\t\t<figure class=\"wpb_wrapper vc_figure\">\n\t\t\t<div class=\"vc_single_image-wrapper vc_box_shadow_border_circle  vc_box_border_grey\"><img loading=\"lazy\" decoding=\"async\" data-vc-zoom=\"https:\/\/studio-bq.com\/wp-content\/uploads\/2020\/01\/stefan-otto-studio-bq-dresden-bq-equipment-home-03.jpg\" class=\"vc_single_image-img \" src=\"https:\/\/studio-bq.com\/wp-content\/uploads\/2020\/01\/stefan-otto-studio-bq-dresden-bq-equipment-home-03-400x400.jpg\" width=\"400\" height=\"400\" alt=\"\" title=\"\" \/><\/div>\n\t\t<\/figure>\n\t<\/div>\n<\/div><\/div><\/div><div class=\"wpb_animate_when_almost_visible wpb_fadeIn fadeIn wpb_column vc_column_container vc_col-sm-6\"><div class=\"vc_column-inner\"><div class=\"wpb_wrapper\"><div id=\"la_divider6a0790dba8345\" class=\"js-el la-divider la-unit-responsive\" data-la_component=\"UnitResponsive\"  data-el_target='#la_divider6a0790dba8345'  data-el_media_sizes='{&quot;padding-top&quot;:&quot;lg:15px;&quot;}' ><\/div>\n<div id=\"la_heading_6a0790dba8439\" class=\"la-headings text-left vc_custom_1578086145738\"><div class=\"js-el subheading-tag la-unit-responsive\" style=\"\" ><p style=\"text-align: left;\">Mit meiner ganzheitlichen Trainingsphilosophie werden die vier S\u00e4ulen des gesunden Weges gef\u00f6rdert: Kraft, Balance, Dehnung und Koordination. Diese BQ-Faktoren k\u00f6nnen Sie auch allein trainieren &#8211; mit dem speziell entwickelten BQ-Equipment f\u00fcr das Training zu Hause. Professionellen Anbietern, die ein Studio mit Ger\u00e4ten nach dem BQ K\u00f6rperkonzept by Stefan Otto ausstatten m\u00f6chten, biete ich einen individuellen Service.<\/p>\n<\/div><\/div>\n<div id=\"la_divider6a0790dba8500\" class=\"js-el la-divider la-unit-responsive\" data-la_component=\"UnitResponsive\"  data-el_target='#la_divider6a0790dba8500'  data-el_media_sizes='{&quot;padding-top&quot;:&quot;lg:15px;&quot;}' ><\/div>\n<div class=\"btn-wrapper btn-align-right\">\n    <a class=\"btn btn-color-primary btn-align-right btn-size-md btn-style-flat btn-shape-round btn-brw-1\" href=\"http:\/\/studio-bq.com\/bq-home-equipment\/\" title=\"BQ Home Equipment\" rel=\"nofollow\"><span>zum BQ HOME EQUIPMENT<\/span><\/a><\/div><div id=\"la_divider6a0790dba860d\" class=\"js-el la-divider la-unit-responsive\" data-la_component=\"UnitResponsive\"  data-el_target='#la_divider6a0790dba860d'  data-el_media_sizes='{&quot;padding-top&quot;:&quot;lg:45px;&quot;}' ><\/div>\n\n\t<div  class=\"wpb_single_image wpb_content_element vc_align_center  wpb_animate_when_almost_visible wpb_fadeIn fadeIn\">\n\t\t\n\t\t<figure class=\"wpb_wrapper vc_figure\">\n\t\t\t<div class=\"vc_single_image-wrapper vc_box_shadow_border_circle  vc_box_border_grey\"><img loading=\"lazy\" decoding=\"async\" data-vc-zoom=\"https:\/\/studio-bq.com\/wp-content\/uploads\/2020\/01\/stefan-otto-studio-bq-dresden-bq-equipment-home-01.jpg\" class=\"vc_single_image-img \" src=\"https:\/\/studio-bq.com\/wp-content\/uploads\/2020\/01\/stefan-otto-studio-bq-dresden-bq-equipment-home-01-590x590.jpg\" width=\"590\" height=\"590\" alt=\"\" title=\"\" \/><\/div>\n\t\t<\/figure>\n\t<\/div>\n<div id=\"la_divider6a0790dba89f9\" class=\"js-el la-divider la-unit-responsive\" data-la_component=\"UnitResponsive\"  data-el_target='#la_divider6a0790dba89f9'  data-el_media_sizes='{&quot;padding-top&quot;:&quot;lg:65px;&quot;}' ><\/div>\n<\/div><\/div><\/div><div class=\"wpb_column vc_column_container vc_col-sm-2\"><div class=\"vc_column-inner\"><div class=\"wpb_wrapper\"><div id=\"la_divider6a0790dba8bd9\" class=\"js-el la-divider la-unit-responsive\" data-la_component=\"UnitResponsive\"  data-el_target='#la_divider6a0790dba8bd9'  data-el_media_sizes='{&quot;padding-top&quot;:&quot;lg:170px;&quot;}' ><\/div>\n\n\t<div  class=\"wpb_single_image wpb_content_element vc_align_center  wpb_animate_when_almost_visible wpb_fadeIn fadeIn\">\n\t\t\n\t\t<figure class=\"wpb_wrapper vc_figure\">\n\t\t\t<div class=\"vc_single_image-wrapper vc_box_shadow_border_circle  vc_box_border_grey\"><img loading=\"lazy\" decoding=\"async\" data-vc-zoom=\"https:\/\/studio-bq.com\/wp-content\/uploads\/2020\/01\/stefan-otto-studio-bq-dresden-bq-equipment-home-02.jpg\" class=\"vc_single_image-img \" src=\"https:\/\/studio-bq.com\/wp-content\/uploads\/2020\/01\/stefan-otto-studio-bq-dresden-bq-equipment-home-02-590x590.jpg\" width=\"590\" height=\"590\" alt=\"\" title=\"\" \/><\/div>\n\t\t<\/figure>\n\t<\/div>\n<\/div><\/div><\/div><\/div><div class=\"vc_row-full-width vc_clearfix\"><\/div><div data-vc-full-width=\"true\" data-vc-full-width-init=\"false\" class=\"vc_row wpb_row vc_row-fluid vc_custom_1578248590478 vc_row-has-fill vc_column-gap-5 vc_row-o-content-top vc_row-flex la_fp_slide la_fp_child_section\"><div class=\"wpb_animate_when_almost_visible wpb_fadeIn fadeIn wpb_column vc_column_container vc_col-sm-12\"><div class=\"vc_column-inner\"><div class=\"wpb_wrapper\"><div id=\"la_divider6a0790dba92ce\" class=\"js-el la-divider la-unit-responsive\" data-la_component=\"UnitResponsive\"  data-el_target='#la_divider6a0790dba92ce'  data-el_media_sizes='{&quot;padding-top&quot;:&quot;lg:15px;&quot;}' ><\/div>\n<div id=\"la_heading_6a0790dba93b8\" class=\"la-headings text-center\"><div class=\"js-el subheading-tag la-unit-responsive\" style=\"\" ><div class=\"row zitat\">\n<p style=\"text-align: center;\"><span style=\"font-family: journal-webfont; font-size: 36pt; color: #ffffff;\">Equipment, das Ihre Gesundheit f\u00f6rdert<\/span><\/p>\n<\/div>\n<\/div><\/div>\n<div id=\"la_divider6a0790dba9458\" class=\"js-el la-divider la-unit-responsive\" data-la_component=\"UnitResponsive\"  data-el_target='#la_divider6a0790dba9458'  data-el_media_sizes='{&quot;padding-top&quot;:&quot;lg:40px;&quot;}' ><\/div>\n<\/div><\/div><\/div><\/div><div class=\"vc_row-full-width vc_clearfix\"><\/div><div data-vc-full-width=\"true\" data-vc-full-width-init=\"false\" class=\"vc_row wpb_row vc_row-fluid vc_custom_1578253341300 vc_row-has-fill la_fp_slide la_fp_child_section\"><div class=\"wpb_animate_when_almost_visible wpb_fadeIn fadeIn wpb_column vc_column_container vc_col-sm-4\"><div class=\"vc_column-inner\"><div class=\"wpb_wrapper\"><div id=\"la_divider6a0790dba971e\" class=\"js-el la-divider la-unit-responsive\" data-la_component=\"UnitResponsive\"  data-el_target='#la_divider6a0790dba971e'  data-el_media_sizes='{&quot;padding-top&quot;:&quot;lg:65px;&quot;}' ><\/div>\n<div id=\"la_heading_6a0790dba97ff\" class=\"la-headings text-center\"><h3 class=\"js-el heading-tag la-unit-responsive three-font-family font-weight-400\" style=\"\" >BQ Pro\u00adfi Equip\u00adment<\/h3><\/div>\n<div id=\"la_divider6a0790dba9883\" class=\"js-el la-divider la-unit-responsive\" data-la_component=\"UnitResponsive\"  data-el_target='#la_divider6a0790dba9883'  data-el_media_sizes='{&quot;padding-top&quot;:&quot;lg:65px;&quot;}' ><\/div>\n\n\t<div  class=\"wpb_single_image wpb_content_element vc_align_center  wpb_animate_when_almost_visible wpb_fadeIn fadeIn\">\n\t\t\n\t\t<figure class=\"wpb_wrapper vc_figure\">\n\t\t\t<div class=\"vc_single_image-wrapper vc_box_shadow_border_circle  vc_box_border_grey\"><img loading=\"lazy\" decoding=\"async\" data-vc-zoom=\"https:\/\/studio-bq.com\/wp-content\/uploads\/2020\/01\/stefan-otto-studio-bq-dresden-bq-equipment-profi-03.jpg\" class=\"vc_single_image-img \" src=\"https:\/\/studio-bq.com\/wp-content\/uploads\/2020\/01\/stefan-otto-studio-bq-dresden-bq-equipment-profi-03-400x400.jpg\" width=\"400\" height=\"400\" alt=\"\" title=\"\" \/><\/div>\n\t\t<\/figure>\n\t<\/div>\n<\/div><\/div><\/div><div class=\"wpb_animate_when_almost_visible wpb_fadeIn fadeIn wpb_column vc_column_container vc_col-sm-6\"><div class=\"vc_column-inner\"><div class=\"wpb_wrapper\"><div id=\"la_divider6a0790dba9d4a\" class=\"js-el la-divider la-unit-responsive\" data-la_component=\"UnitResponsive\"  data-el_target='#la_divider6a0790dba9d4a'  data-el_media_sizes='{&quot;padding-top&quot;:&quot;lg:65px;&quot;}' ><\/div>\n<div id=\"la_heading_6a0790dba9e40\" class=\"la-headings text-left vc_custom_1578250217084\"><div class=\"js-el subheading-tag la-unit-responsive\" style=\"\" ><p style=\"text-align: left;\">Sie wollen ein Studio mit Ger\u00e4ten nach dem BQ K\u00f6rperkonzept by Stefan Otto ausstatten? Sehr gern bin ich Ihnen dabei behilflich. Bitte haben Sie Verst\u00e4ndnis daf\u00fcr, dass dieser Service nur auf Anfrage und gekoppelt mit einer Einweisung und Ausbildung bei mir m\u00f6glich ist.<\/p>\n<\/div><\/div>\n<div id=\"la_divider6a0790dba9ecb\" class=\"js-el la-divider la-unit-responsive\" data-la_component=\"UnitResponsive\"  data-el_target='#la_divider6a0790dba9ecb'  data-el_media_sizes='{&quot;padding-top&quot;:&quot;lg:15px;&quot;}' ><\/div>\n<div class=\"btn-wrapper btn-align-right\">\n    <a class=\"btn btn-color-primary btn-align-right btn-size-md btn-style-flat btn-shape-round btn-brw-1\" href=\"http:\/\/studio-bq.com\/bq-profi-equipment\/\" title=\"BQ Profi Equipment\" rel=\"nofollow\"><span>zum BQ PROFI EQUIPMENT<\/span><\/a><\/div><div id=\"la_divider6a0790dba9fc6\" class=\"js-el la-divider la-unit-responsive\" data-la_component=\"UnitResponsive\"  data-el_target='#la_divider6a0790dba9fc6'  data-el_media_sizes='{&quot;padding-top&quot;:&quot;lg:45px;&quot;}' ><\/div>\n\n\t<div  class=\"wpb_single_image wpb_content_element vc_align_center  wpb_animate_when_almost_visible wpb_fadeIn fadeIn\">\n\t\t\n\t\t<figure class=\"wpb_wrapper vc_figure\">\n\t\t\t<div class=\"vc_single_image-wrapper vc_box_shadow_border_circle  vc_box_border_grey\"><img loading=\"lazy\" decoding=\"async\" data-vc-zoom=\"https:\/\/studio-bq.com\/wp-content\/uploads\/2020\/01\/stefan-otto-studio-bq-dresden-bq-equipment-profi-01.jpg\" class=\"vc_single_image-img \" src=\"https:\/\/studio-bq.com\/wp-content\/uploads\/2020\/01\/stefan-otto-studio-bq-dresden-bq-equipment-profi-01-590x590.jpg\" width=\"590\" height=\"590\" alt=\"\" title=\"\" \/><\/div>\n\t\t<\/figure>\n\t<\/div>\n<div id=\"la_divider6a0790dbaa3d9\" class=\"js-el la-divider la-unit-responsive\" data-la_component=\"UnitResponsive\"  data-el_target='#la_divider6a0790dbaa3d9'  data-el_media_sizes='{&quot;padding-top&quot;:&quot;lg:65px;&quot;}' ><\/div>\n<\/div><\/div><\/div><div class=\"wpb_column vc_column_container vc_col-sm-2\"><div class=\"vc_column-inner\"><div class=\"wpb_wrapper\"><div id=\"la_divider6a0790dbaa58b\" class=\"js-el la-divider la-unit-responsive\" data-la_component=\"UnitResponsive\"  data-el_target='#la_divider6a0790dbaa58b'  data-el_media_sizes='{&quot;padding-top&quot;:&quot;lg:170px;&quot;}' ><\/div>\n\n\t<div  class=\"wpb_single_image wpb_content_element vc_align_center  wpb_animate_when_almost_visible wpb_fadeIn fadeIn\">\n\t\t\n\t\t<figure class=\"wpb_wrapper vc_figure\">\n\t\t\t<div class=\"vc_single_image-wrapper vc_box_shadow_border_circle  vc_box_border_grey\"><img loading=\"lazy\" decoding=\"async\" data-vc-zoom=\"https:\/\/studio-bq.com\/wp-content\/uploads\/2020\/01\/stefan-otto-studio-bq-dresden-bq-equipment-profi-02.jpg\" class=\"vc_single_image-img \" src=\"https:\/\/studio-bq.com\/wp-content\/uploads\/2020\/01\/stefan-otto-studio-bq-dresden-bq-equipment-profi-02-400x400.jpg\" width=\"400\" height=\"400\" alt=\"\" title=\"\" \/><\/div>\n\t\t<\/figure>\n\t<\/div>\n<\/div><\/div><\/div><\/div><div class=\"vc_row-full-width vc_clearfix\"><\/div><div class=\"vc_row wpb_row vc_row-fluid vc_custom_1581349027361 vc_row-has-fill la_fp_slide la_fp_child_section\"><div class=\"wpb_column vc_column_container vc_col-sm-12 vc_col-has-fill\"><div class=\"vc_column-inner vc_custom_1578261733109\"><div class=\"wpb_wrapper\"><div id=\"la_divider6a0790dbaacc8\" class=\"js-el la-divider la-unit-responsive\" data-la_component=\"UnitResponsive\"  data-el_target='#la_divider6a0790dbaacc8'  data-el_media_sizes='{&quot;padding-top&quot;:&quot;lg:135px;&quot;}' ><\/div>\n<\/div><\/div><\/div><\/div>\n","protected":false},"excerpt":{"rendered":"Trai\u00adnings\u00adequip\u00adment f\u00fcr Zu\u00adhau\u00adse und Stu\u00addi\u00ados BQ Home Equip\u00adment Mit meiner ganzheitlichen Trainingsphilosophie werden die vier S\u00e4ulen des gesunden Weges gef\u00f6rdert:&hellip;","protected":false},"author":1,"featured_media":0,"parent":0,"menu_order":6,"comment_status":"closed","ping_status":"closed","template":"","meta":{"footnotes":""},"class_list":["post-2386","page","type-page","status-publish","hentry"],"_links":{"self":[{"href":"https:\/\/studio-bq.com\/en\/wp-json\/wp\/v2\/pages\/2386","targetHints":{"allow":["GET"]}}],"collection":[{"href":"https:\/\/studio-bq.com\/en\/wp-json\/wp\/v2\/pages"}],"about":[{"href":"https:\/\/studio-bq.com\/en\/wp-json\/wp\/v2\/types\/page"}],"author":[{"embeddable":true,"href":"https:\/\/studio-bq.com\/en\/wp-json\/wp\/v2\/users\/1"}],"replies":[{"embeddable":true,"href":"https:\/\/studio-bq.com\/en\/wp-json\/wp\/v2\/comments?post=2386"}],"version-history":[{"count":0,"href":"https:\/\/studio-bq.com\/en\/wp-json\/wp\/v2\/pages\/2386\/revisions"}],"wp:attachment":[{"href":"https:\/\/studio-bq.com\/en\/wp-json\/wp\/v2\/media?parent=2386"}],"curies":[{"name":"wp","href":"https:\/\/api.w.org\/{rel}","templated":true}]}}