{"id":2499,"date":"2020-01-06T17:29:24","date_gmt":"2020-01-06T16:29:24","guid":{"rendered":"http:\/\/studio-bq.com\/?page_id=2499"},"modified":"2020-02-11T21:58:57","modified_gmt":"2020-02-11T20:58:57","slug":"by-stefan-otto","status":"publish","type":"page","link":"https:\/\/studio-bq.com\/en\/by-stefan-otto\/","title":{"rendered":"by Stefan Otto"},"content":{"rendered":"<div class=\"vc_row wpb_row vc_row-fluid la_fp_slide la_fp_child_section\"><div class=\"wpb_column vc_column_container vc_col-sm-12\"><div class=\"vc_column-inner\"><div class=\"wpb_wrapper\"><div class=\"wpb_revslider_element wpb_content_element\">\n\t\t\t<!-- START bystefanotto REVOLUTION SLIDER 6.5.20 --><p class=\"rs-p-wp-fix\"><\/p>\n\t\t\t<rs-module-wrap id=\"rev_slider_13_1_wrapper\" data-source=\"gallery\" style=\"visibility:hidden;background:transparent;padding:0;margin:0px auto;margin-top:0;margin-bottom:0;\">\n\t\t\t\t<rs-module id=\"rev_slider_13_1\" style=\"\" data-version=\"6.5.20\">\n\t\t\t\t\t<rs-slides>\n\t\t\t\t\t\t<rs-slide style=\"position: absolute;\" data-key=\"rs-34\" data-title=\"Slide 1\" data-ssop=\"true\" data-anim=\"ms:600;r:0;\" data-in=\"o:0;\" data-out=\"a:false;\">\n\t\t\t\t\t\t\t<img loading=\"lazy\" decoding=\"async\" src=\"\/\/studio-bq.com\/wp-content\/plugins\/revslider\/public\/assets\/assets\/dummy.png\" alt=\"\" width=\"1920\" height=\"1080\" class=\"rev-slidebg tp-rs-img rs-lazyload\" data-lazyload=\"\/\/studio-bq.com\/wp-content\/uploads\/2019\/09\/stefan-otto-studio-bq-dresden-otto-header.jpg\" data-bg=\"p:center top;\" data-parallax=\"off\" data-no-retina>\n<!---->\t\t\t\t\t\t<\/rs-slide>\n\t\t\t\t\t<\/rs-slides>\n\t\t\t\t\t<rs-static-layers><!--\n\t\t\t\t\t--><\/rs-static-layers>\n\t\t\t\t<\/rs-module>\n\t\t\t\t<script>\n\t\t\t\t\tsetREVStartSize({c: 'rev_slider_13_1',rl:[1240,1024,778,480],el:[868,768,600,500],gw:[1240,1024,778,480],gh:[868,768,600,500],type:'standard',justify:'',layout:'fullwidth',mh:\"0\"});if (window.RS_MODULES!==undefined && window.RS_MODULES.modules!==undefined && window.RS_MODULES.modules[\"revslider131\"]!==undefined) {window.RS_MODULES.modules[\"revslider131\"].once = false;window.revapi13 = undefined;if (window.RS_MODULES.checkMinimal!==undefined) window.RS_MODULES.checkMinimal()}\n\t\t\t\t<\/script>\n\t\t\t<\/rs-module-wrap>\n\t\t\t<!-- END REVOLUTION SLIDER -->\n<\/div><\/div><\/div><\/div><\/div><div class=\"vc_row wpb_row vc_row-fluid vc_custom_1574080013068 vc_row-has-fill la_fp_slide la_fp_child_section\"><div class=\"wpb_animate_when_almost_visible wpb_fadeIn fadeIn wpb_column vc_column_container vc_col-sm-12 vc_col-lg-offset-2 vc_col-lg-8 vc_col-sm-offset-1\"><div class=\"vc_column-inner\"><div class=\"wpb_wrapper\"><div id=\"la_divider69e5e39fccc29\" class=\"js-el la-divider la-unit-responsive\" data-la_component=\"UnitResponsive\"  data-el_target='#la_divider69e5e39fccc29'  data-el_media_sizes='{&quot;padding-top&quot;:&quot;lg:65px;&quot;}' ><\/div>\n<div id=\"la_heading_69e5e39fccd48\" class=\"la-headings text-center\"><h3 class=\"js-el heading-tag la-unit-responsive three-font-family font-weight-400\" style=\"font-family:PT Sans;font-weight:400;font-style:normal\"  data-la_component=\"UnitResponsive\"  data-el_target='#la_heading_69e5e39fccd48 .heading-tag'  data-el_media_sizes='{&quot;font-size&quot;:&quot;lg:36px;md:36px;sm:30px;xs:24px;&quot;,&quot;line-height&quot;:&quot;lg:50px;md:36px;sm:30px;xs:24px;&quot;}' >Ste\u00adfan Otto - Ihr per\u00ads\u00f6n\u00adli\u00adcher Trai\u00adnings\u00adbe\u00adglei\u00adter<\/h3><\/div>\n<div id=\"la_divider69e5e39fcced8\" class=\"js-el la-divider la-unit-responsive\" data-la_component=\"UnitResponsive\"  data-el_target='#la_divider69e5e39fcced8'  data-el_media_sizes='{&quot;padding-top&quot;:&quot;lg:40px;&quot;}' ><\/div>\n<\/div><\/div><\/div><\/div><div data-vc-full-width=\"true\" data-vc-full-width-init=\"false\" class=\"vc_row wpb_row vc_row-fluid vc_custom_1574079918877 vc_row-has-fill la_fp_slide la_fp_child_section\"><div class=\"wpb_animate_when_almost_visible wpb_fadeIn fadeIn wpb_column vc_column_container vc_col-sm-4\"><div class=\"vc_column-inner\"><div class=\"wpb_wrapper\"><div id=\"la_divider69e5e39fcd186\" class=\"js-el la-divider la-unit-responsive\" data-la_component=\"UnitResponsive\"  data-el_target='#la_divider69e5e39fcd186'  data-el_media_sizes='{&quot;padding-top&quot;:&quot;lg:15px;&quot;}' ><\/div>\n<div id=\"la_heading_69e5e39fcd269\" class=\"la-headings text-center\"><h3 class=\"js-el heading-tag la-unit-responsive three-font-family font-weight-400\" style=\"\" >Body Pro\u00adfi\u00adler<\/h3><\/div>\n<\/div><\/div><\/div><div class=\"wpb_animate_when_almost_visible wpb_fadeIn fadeIn wpb_column vc_column_container vc_col-sm-6\"><div class=\"vc_column-inner\"><div class=\"wpb_wrapper\"><div id=\"la_divider69e5e39fcd3d1\" class=\"js-el la-divider la-unit-responsive\" data-la_component=\"UnitResponsive\"  data-el_target='#la_divider69e5e39fcd3d1'  data-el_media_sizes='{&quot;padding-top&quot;:&quot;lg:15px;&quot;}' ><\/div>\n<div id=\"la_heading_69e5e39fcd4b9\" class=\"la-headings text-left vc_custom_1578328232680\"><div class=\"js-el subheading-tag la-unit-responsive\" style=\"\" ><p style=\"text-align: left;\">In meiner sportlichen und beruflichen Laufbahn ist mir immer wieder bewusst geworden, wie wichtig es ist, auf die individuellen Signale des K\u00f6rpers zu h\u00f6ren. Durch intuitive Beobachtungsgabe und Analyse der K\u00f6rpersprache decke ich k\u00f6rperliche Schwachstellen und Fehlfunktionen auf.<\/p>\n<\/div><\/div>\n<div id=\"la_divider69e5e39fcd56e\" class=\"js-el la-divider la-unit-responsive\" data-la_component=\"UnitResponsive\"  data-el_target='#la_divider69e5e39fcd56e'  data-el_media_sizes='{&quot;padding-top&quot;:&quot;lg:65px;&quot;}' ><\/div>\n<\/div><\/div><\/div><div class=\"wpb_column vc_column_container vc_col-sm-2\"><div class=\"vc_column-inner\"><div class=\"wpb_wrapper\"><\/div><\/div><\/div><\/div><div class=\"vc_row-full-width vc_clearfix\"><\/div><div data-vc-full-width=\"true\" data-vc-full-width-init=\"false\" class=\"vc_row wpb_row vc_row-fluid vc_custom_1578328761132 vc_row-has-fill la_fp_slide la_fp_child_section\"><div class=\"wpb_animate_when_almost_visible wpb_fadeIn fadeIn wpb_column vc_column_container vc_col-sm-4\"><div class=\"vc_column-inner\"><div class=\"wpb_wrapper\"><\/div><\/div><\/div><div class=\"wpb_animate_when_almost_visible wpb_fadeIn fadeIn wpb_column vc_column_container vc_col-sm-4\"><div class=\"vc_column-inner\"><div class=\"wpb_wrapper\"><div id=\"la_divider69e5e39fcda70\" class=\"js-el la-divider la-unit-responsive\" data-la_component=\"UnitResponsive\"  data-el_target='#la_divider69e5e39fcda70'  data-el_media_sizes='{&quot;padding-top&quot;:&quot;lg:15px;&quot;}' ><\/div>\n<div id=\"la_heading_69e5e39fcdb5f\" class=\"la-headings text-center\"><div class=\"js-el subheading-tag la-unit-responsive\" style=\"\" ><p style=\"text-align: center;\"><span style=\"font-size: 36pt; font-family: journal-webfont; color: #ffffff;\"><span style=\"color: #616465;\">Mein Weg folgt den Vorgaben der Natur &#8211; Eine Alternative gibt es f\u00fcr mich nicht<\/span><\/span><\/p>\n<\/div><\/div>\n<div id=\"la_divider69e5e39fcdbe7\" class=\"js-el la-divider la-unit-responsive\" data-la_component=\"UnitResponsive\"  data-el_target='#la_divider69e5e39fcdbe7'  data-el_media_sizes='{&quot;padding-top&quot;:&quot;lg:30px;&quot;}' ><\/div>\n<div class=\"btn-wrapper btn-align-center\">\n    <a class=\"btn btn-color-primary btn-align-center btn-size-md btn-style-flat btn-shape-round btn-brw-1\" href=\"http:\/\/studio-bq.com\/biografie\/\" title=\"Biografie\" rel=\"nofollow\"><span>ZUR BIOGRAFIE VON STEFAN OTTO<\/span><\/a><\/div><div id=\"la_divider69e5e39fcdcef\" class=\"js-el la-divider la-unit-responsive\" data-la_component=\"UnitResponsive\"  data-el_target='#la_divider69e5e39fcdcef'  data-el_media_sizes='{&quot;padding-top&quot;:&quot;lg:30px;&quot;}' ><\/div>\n<\/div><\/div><\/div><div class=\"wpb_column vc_column_container vc_col-sm-4\"><div class=\"vc_column-inner\"><div class=\"wpb_wrapper\"><div id=\"la_divider69e5e39fcde9c\" class=\"js-el la-divider la-unit-responsive\" data-la_component=\"UnitResponsive\"  data-el_target='#la_divider69e5e39fcde9c'  data-el_media_sizes='{&quot;padding-top&quot;:&quot;lg:15px;&quot;}' ><\/div>\n\n\t<div  class=\"wpb_single_image wpb_content_element vc_align_right  wpb_animate_when_almost_visible wpb_fadeIn fadeIn vc_custom_1578403480433\">\n\t\t\n\t\t<figure class=\"wpb_wrapper vc_figure\">\n\t\t\t<div class=\"vc_single_image-wrapper   vc_box_border_grey\"><img loading=\"lazy\" decoding=\"async\" width=\"500\" height=\"330\" src=\"https:\/\/studio-bq.com\/wp-content\/uploads\/2020\/01\/stefan-otto-studio-bq-dresden-otto-biografie-teaser.png\" class=\"vc_single_image-img attachment-medium\" alt=\"\" title=\"\" \/><\/div>\n\t\t<\/figure>\n\t<\/div>\n<\/div><\/div><\/div><\/div><div class=\"vc_row-full-width vc_clearfix\"><\/div><div data-vc-full-width=\"true\" data-vc-full-width-init=\"false\" class=\"vc_row wpb_row vc_row-fluid vc_custom_1569591475583 vc_row-has-fill vc_column-gap-5 vc_row-o-content-top vc_row-flex la_fp_slide la_fp_child_section\"><div class=\"wpb_animate_when_almost_visible wpb_fadeIn fadeIn wpb_column vc_column_container vc_col-sm-2\"><div class=\"vc_column-inner\"><div class=\"wpb_wrapper\"><\/div><\/div><\/div><div class=\"wpb_animate_when_almost_visible wpb_fadeIn fadeIn wpb_column vc_column_container vc_col-sm-8\"><div class=\"vc_column-inner\"><div class=\"wpb_wrapper\"><div id=\"la_heading_69e5e39fce8ff\" class=\"la-headings text-center vc_custom_1578330371581\"><h3 class=\"js-el heading-tag la-unit-responsive three-font-family font-weight-400\" style=\"\" >Er\u00adfolge &amp; Part\u00adner<\/h3><\/div>\n<\/div><\/div><\/div><div class=\"wpb_column vc_column_container vc_col-sm-2\"><div class=\"vc_column-inner\"><div class=\"wpb_wrapper\"><\/div><\/div><\/div><\/div><div class=\"vc_row-full-width vc_clearfix\"><\/div><div data-vc-full-width=\"true\" data-vc-full-width-init=\"false\" class=\"vc_row wpb_row vc_row-fluid vc_custom_1569590317770 vc_row-has-fill vc_column-gap-5 vc_row-o-content-top vc_row-flex la_fp_slide la_fp_child_section\"><div class=\"wpb_column vc_column_container vc_col-sm-4\"><div class=\"vc_column-inner\"><div class=\"wpb_wrapper\">\n\t<div  class=\"wpb_single_image wpb_content_element vc_align_center  wpb_animate_when_almost_visible wpb_bounceIn bounceIn\">\n\t\t\n\t\t<figure class=\"wpb_wrapper vc_figure\">\n\t\t\t<div class=\"vc_single_image-wrapper   vc_box_border_grey\"><img loading=\"lazy\" decoding=\"async\" width=\"56\" height=\"96\" src=\"https:\/\/studio-bq.com\/wp-content\/uploads\/2020\/01\/studioBQ_icon_neos.png\" class=\"vc_single_image-img attachment-thumbnail\" alt=\"\" title=\"\" \/><\/div>\n\t\t<\/figure>\n\t<\/div>\n<div id=\"la_heading_69e5e39fcf0f7\" class=\"la-headings text-center vc_custom_1578330445017\"><h3 class=\"js-el heading-tag la-unit-responsive three-font-family font-weight-400\" style=\"\" >NEOS AWARD<\/h3><div class=\"js-el subheading-tag la-unit-responsive\" style=\"\" ><div class=\"border\">\n<p>ist die wertvollste Auszeichnung in der Branche Personal Training<\/p>\n<\/div>\n<\/div><\/div>\n<div class=\"btn-wrapper btn-align-center\">\n    <a class=\"btn btn-color-primary btn-align-center btn-size-md btn-style-flat btn-shape-round btn-brw-1\" href=\"http:\/\/studio-bq.com\/neos-award\/\" title=\"\" rel=\"nofollow\"><span>ZUM NEOS AWARD<\/span><\/a><\/div><\/div><\/div><\/div><div class=\"wpb_animate_when_almost_visible wpb_fadeIn fadeIn wpb_column vc_column_container vc_col-sm-4\"><div class=\"vc_column-inner\"><div class=\"wpb_wrapper\">\n\t<div  class=\"wpb_single_image wpb_content_element vc_align_center  wpb_animate_when_almost_visible wpb_bounceIn bounceIn\">\n\t\t\n\t\t<figure class=\"wpb_wrapper vc_figure\">\n\t\t\t<div class=\"vc_single_image-wrapper   vc_box_border_grey\"><img loading=\"lazy\" decoding=\"async\" width=\"86\" height=\"96\" src=\"https:\/\/studio-bq.com\/wp-content\/uploads\/2020\/01\/studioBQ_icon_network.png\" class=\"vc_single_image-img attachment-thumbnail\" alt=\"\" title=\"\" \/><\/div>\n\t\t<\/figure>\n\t<\/div>\n<div id=\"la_heading_69e5e39fcf71a\" class=\"la-headings text-center vc_custom_1578330770640\"><h3 class=\"js-el heading-tag la-unit-responsive three-font-family font-weight-400\" style=\"\" >DAS BQ NETZWERK<\/h3><div class=\"js-el subheading-tag la-unit-responsive\" style=\"\" ><div class=\"row center\">\n<div class=\"col-sm-12 center\">In meinem Netzwerk arbeite ich mit zahlreichen Spezialisten f\u00fcr verschiedene Behandlungsmethoden zusammen. Das sind Klassischer und Naturheilmedizin, Naturheilverfahren sowie spirituelle Begleiter<\/div>\n<\/div>\n<\/div><\/div>\n<div class=\"btn-wrapper btn-align-center\">\n    <a class=\"btn btn-color-primary btn-align-center btn-size-md btn-style-flat btn-shape-round btn-brw-1\" href=\"http:\/\/studio-bq.com\/bq-netzwerk\/\" title=\"\" rel=\"nofollow\"><span>ZUM BQ NETZWERK<\/span><\/a><\/div><\/div><\/div><\/div><div class=\"wpb_column vc_column_container vc_col-sm-4\"><div class=\"vc_column-inner\"><div class=\"wpb_wrapper\">\n\t<div  class=\"wpb_single_image wpb_content_element vc_align_center  wpb_animate_when_almost_visible wpb_bounceIn bounceIn\">\n\t\t\n\t\t<figure class=\"wpb_wrapper vc_figure\">\n\t\t\t<div class=\"vc_single_image-wrapper   vc_box_border_grey\"><img loading=\"lazy\" decoding=\"async\" width=\"128\" height=\"77\" src=\"https:\/\/studio-bq.com\/wp-content\/uploads\/2020\/01\/studioBQ_icon_partner.png\" class=\"vc_single_image-img attachment-thumbnail\" alt=\"\" title=\"\" \/><\/div>\n\t\t<\/figure>\n\t<\/div>\n<div id=\"la_heading_69e5e39fcfd58\" class=\"la-headings text-center vc_custom_1578330587283\"><h3 class=\"js-el heading-tag la-unit-responsive three-font-family font-weight-400\" style=\"\" >BQ PARTNER<\/h3><div class=\"js-el subheading-tag la-unit-responsive\" style=\"\" ><div class=\"border\">\n<p>Ohne die Hilfe meiner BQ Partner w\u00e4re es undenkbar meine Arbeit und Studio soweit fort zu entwickeln.<\/p>\n<\/div>\n<\/div><\/div>\n<div class=\"btn-wrapper btn-align-center\">\n    <a class=\"btn btn-color-primary btn-align-center btn-size-md btn-style-flat btn-shape-round btn-brw-1\" href=\"http:\/\/studio-bq.com\/partner\/\" title=\"\" rel=\"nofollow\"><span>ZU BQ PARTNER<\/span><\/a><\/div><\/div><\/div><\/div><\/div><div class=\"vc_row-full-width vc_clearfix\"><\/div><div data-vc-full-width=\"true\" data-vc-full-width-init=\"false\" class=\"vc_row wpb_row vc_row-fluid vc_custom_1569590359216 vc_row-has-fill vc_column-gap-5 vc_row-o-content-top vc_row-flex la_fp_slide la_fp_child_section\"><div class=\"wpb_column vc_column_container vc_col-sm-4\"><div class=\"vc_column-inner\"><div class=\"wpb_wrapper\"><\/div><\/div><\/div><div class=\"wpb_animate_when_almost_visible wpb_flipInX flipInX wpb_column vc_column_container vc_col-sm-4\"><div class=\"vc_column-inner\"><div class=\"wpb_wrapper\"><div id=\"la_divider69e5e39fd0258\" class=\"js-el la-divider la-unit-responsive\" data-la_component=\"UnitResponsive\"  data-el_target='#la_divider69e5e39fd0258'  data-el_media_sizes='{&quot;padding-top&quot;:&quot;lg:40px;&quot;}' ><\/div>\n<\/div><\/div><\/div><div class=\"wpb_column vc_column_container vc_col-sm-4\"><div class=\"vc_column-inner\"><div class=\"wpb_wrapper\"><\/div><\/div><\/div><\/div><div class=\"vc_row-full-width vc_clearfix\"><\/div><div data-vc-full-width=\"true\" data-vc-full-width-init=\"false\" class=\"vc_row wpb_row vc_row-fluid vc_custom_1578328761132 vc_row-has-fill la_fp_slide la_fp_child_section\"><div class=\"wpb_animate_when_almost_visible wpb_fadeIn fadeIn wpb_column vc_column_container vc_col-sm-4\"><div class=\"vc_column-inner\"><div class=\"wpb_wrapper\"><\/div><\/div><\/div><div class=\"wpb_animate_when_almost_visible wpb_fadeIn fadeIn wpb_column vc_column_container vc_col-sm-4\"><div class=\"vc_column-inner\"><div class=\"wpb_wrapper\"><div id=\"la_divider69e5e39fd06c2\" class=\"js-el la-divider la-unit-responsive\" data-la_component=\"UnitResponsive\"  data-el_target='#la_divider69e5e39fd06c2'  data-el_media_sizes='{&quot;padding-top&quot;:&quot;lg:30px;&quot;}' ><\/div>\n<div id=\"la_heading_69e5e39fd07ae\" class=\"la-headings text-center\"><div class=\"js-el subheading-tag la-unit-responsive\" style=\"\" ><p style=\"text-align: center;\"><span style=\"font-size: 36pt; font-family: journal-webfont; color: #ffffff;\"><span style=\"color: #616465;\">Gesundheit verschenken<\/span><\/span><\/p>\n<\/div><\/div>\n<div id=\"la_divider69e5e39fd0833\" class=\"js-el la-divider la-unit-responsive\" data-la_component=\"UnitResponsive\"  data-el_target='#la_divider69e5e39fd0833'  data-el_media_sizes='{&quot;padding-top&quot;:&quot;lg:15px;&quot;}' ><\/div>\n<div class=\"btn-wrapper btn-align-center\">\n    <a class=\"btn btn-color-primary btn-align-center btn-size-md btn-style-flat btn-shape-round btn-brw-1\" href=\"http:\/\/studio-bq.com\/gutschein\/\" title=\"Gut\u00adschein\" rel=\"nofollow\"><span>GUTSCHEIN BESTELLEN<\/span><\/a><\/div><div id=\"la_divider69e5e39fd091d\" class=\"js-el la-divider la-unit-responsive\" data-la_component=\"UnitResponsive\"  data-el_target='#la_divider69e5e39fd091d'  data-el_media_sizes='{&quot;padding-top&quot;:&quot;lg:30px;&quot;}' ><\/div>\n<\/div><\/div><\/div><div class=\"wpb_column vc_column_container vc_col-sm-4\"><div class=\"vc_column-inner\"><div class=\"wpb_wrapper\"><div id=\"la_divider69e5e39fd0a8f\" class=\"js-el la-divider la-unit-responsive\" data-la_component=\"UnitResponsive\"  data-el_target='#la_divider69e5e39fd0a8f'  data-el_media_sizes='{&quot;padding-top&quot;:&quot;lg:15px;&quot;}' ><\/div>\n\n\t<div  class=\"wpb_single_image wpb_content_element vc_align_right  wpb_animate_when_almost_visible wpb_fadeIn fadeIn vc_custom_1578332424888\">\n\t\t\n\t\t<figure class=\"wpb_wrapper vc_figure\">\n\t\t\t<div class=\"vc_single_image-wrapper   vc_box_border_grey\"><img loading=\"lazy\" decoding=\"async\" width=\"500\" height=\"330\" src=\"https:\/\/studio-bq.com\/wp-content\/uploads\/2020\/01\/stefan-otto-studio-bq-dresden-otto-gutschein-teaser.png\" class=\"vc_single_image-img attachment-medium\" alt=\"\" title=\"\" \/><\/div>\n\t\t<\/figure>\n\t<\/div>\n<\/div><\/div><\/div><\/div><div class=\"vc_row-full-width vc_clearfix\"><\/div><div data-vc-full-width=\"true\" data-vc-full-width-init=\"false\" class=\"vc_row wpb_row vc_row-fluid vc_custom_1578405606747 vc_row-has-fill vc_column-gap-5 vc_row-o-content-top vc_row-flex la_fp_slide la_fp_child_section\"><div class=\"wpb_column vc_column_container vc_col-sm-2\"><div class=\"vc_column-inner\"><div class=\"wpb_wrapper\"><\/div><\/div><\/div><div class=\"wpb_animate_when_almost_visible wpb_fadeIn fadeIn wpb_column vc_column_container vc_col-sm-8 vc_col-has-fill\"><div class=\"vc_column-inner vc_custom_1578405293495\"><div class=\"wpb_wrapper\"><div id=\"la_divider69e5e39fd122e\" class=\"js-el la-divider la-unit-responsive\" data-la_component=\"UnitResponsive\"  data-el_target='#la_divider69e5e39fd122e'  data-el_media_sizes='{&quot;padding-top&quot;:&quot;lg:40px;&quot;}' ><\/div>\n<div id=\"la_heading_69e5e39fd1318\" class=\"la-headings text-center\"><h1 class=\"js-el heading-tag la-unit-responsive three-font-family font-weight-400\" style=\"\" >BQ Kun\u00adden\u00adge\u00adschich\u00adten<\/h1><\/div>\n<div id=\"la_heading_69e5e39fd13e6\" class=\"la-headings text-left vc_custom_1578405448713\"><div class=\"js-el subheading-tag la-unit-responsive\" style=\"\" ><p style=\"text-align: center;\"><span style=\"font-size: 18pt;\">Erfahrungen meiner Kunden mit dem BQ K\u00f6rperkonzept:<\/span><\/p>\n<\/div><\/div>\n<div id=\"la_divider69e5e39fd146a\" class=\"js-el la-divider la-unit-responsive\" data-la_component=\"UnitResponsive\"  data-el_target='#la_divider69e5e39fd146a'  data-el_media_sizes='{&quot;padding-top&quot;:&quot;lg:65px;&quot;}' ><\/div>\n\n\t<div  class=\"wpb_single_image wpb_content_element vc_align_center  wpb_animate_when_almost_visible wpb_fadeIn fadeIn vc_custom_1578405820367\">\n\t\t\n\t\t<figure class=\"wpb_wrapper vc_figure\">\n\t\t\t<div class=\"vc_single_image-wrapper   vc_box_border_grey\"><img loading=\"lazy\" decoding=\"async\" class=\"vc_single_image-img \" src=\"https:\/\/studio-bq.com\/wp-content\/uploads\/2019\/11\/studioBQ_icons_quote-50x50.png\" width=\"50\" height=\"50\" alt=\"\" title=\"\" \/><\/div>\n\t\t<\/figure>\n\t<\/div>\n<div id=\"la_carousel_168310390769e5e39fd4a06\" class=\"la-carousel-wrapper la_carousel_horizontal\" data-gutter=\"15\">\n    <div data-la_component=\"AutoCarousel\" class=\"js-el la-slick-slider\" data-slider_config=\"{&quot;slidesToShow&quot;:1,&quot;slidesToScroll&quot;:1,&quot;dots&quot;:false,&quot;autoplay&quot;:true,&quot;autoplaySpeed&quot;:5000,&quot;speed&quot;:300,&quot;infinite&quot;:true,&quot;arrows&quot;:true,&quot;nextArrow&quot;:&quot;&lt;button type=\\&quot;button\\&quot; style=\\&quot;color:#003970;font-size:20px;width:20px;height:20px;line-height:20px;\\&quot; class=\\&quot;slick-next default\\&quot;&gt;&lt;svg&gt;&lt;use xlink:href=\\&quot;#dlicon-arrow-right1\\&quot;&gt;&lt;\\\/use&gt;&lt;\\\/svg&gt;&lt;\\\/button&gt;&quot;,&quot;prevArrow&quot;:&quot;&lt;button type=\\&quot;button\\&quot; style=\\&quot;color:#003970;font-size:20px;width:20px;height:20px;line-height:20px;\\&quot; class=\\&quot;slick-prev default\\&quot;&gt;&lt;svg&gt;&lt;use xlink:href=\\&quot;#dlicon-arrow-left1\\&quot;&gt;&lt;\\\/use&gt;&lt;\\\/svg&gt;&lt;\\\/button&gt;&quot;,&quot;swipe&quot;:true,&quot;draggable&quot;:true,&quot;touchMove&quot;:true,&quot;pauseOnHover&quot;:true,&quot;adaptiveHeight&quot;:true,&quot;responsive&quot;:[{&quot;breakpoint&quot;:1824,&quot;settings&quot;:{&quot;slidesToShow&quot;:1,&quot;slidesToScroll&quot;:1}},{&quot;breakpoint&quot;:1200,&quot;settings&quot;:{&quot;slidesToShow&quot;:1,&quot;slidesToScroll&quot;:1}},{&quot;breakpoint&quot;:992,&quot;settings&quot;:{&quot;slidesToShow&quot;:1,&quot;slidesToScroll&quot;:1}},{&quot;breakpoint&quot;:768,&quot;settings&quot;:{&quot;slidesToShow&quot;:1,&quot;slidesToScroll&quot;:1}},{&quot;breakpoint&quot;:480,&quot;settings&quot;:{&quot;slidesToShow&quot;:1,&quot;slidesToScroll&quot;:1}}],&quot;pauseOnDotsHover&quot;:true}\">\n        <div class=\"la-item-wrap\"><div id=\"la_heading_69e5e39fd4d2e\" class=\"la-headings text-center vc_custom_1578406095183\"><h3 class=\"js-el heading-tag la-unit-responsive three-font-family font-weight-400\" style=\"\" >SEIT EINEM JAHR TRAINIERE ICH BEI STEFAN OTTO.<\/h3><div class=\"js-el subheading-tag la-unit-responsive\" style=\"\" ><div class=\"border\">\n<p><span style=\"font-size: 14pt;\">\u00dcberzeugt hat mich seine wissende und einf\u00fchlsam-bestimmende, ehrlich-entspannte energetische Ausstrahlung.<\/span><\/p>\n<\/div>\n<\/div><\/div>\n<\/div><div class=\"la-item-wrap\"><div id=\"la_heading_69e5e39fd4e64\" class=\"la-headings text-center vc_custom_1578406168993\"><h3 class=\"js-el heading-tag la-unit-responsive three-font-family font-weight-400\" style=\"\" >STEFAN OTTO \u201eFAND\u201c ICH IM HERBST 2010<\/h3><div class=\"js-el subheading-tag la-unit-responsive\" style=\"\" ><div class=\"row center\">\n<div class=\"col-sm-12 center\"><span style=\"font-size: 14pt;\">Diese Art der individuellen Einzelarbeit ist f\u00fcr mich die beste Alternative zu den gro\u00dfen Fitnesscentern.<\/span><\/div>\n<\/div>\n<\/div><\/div>\n<\/div><div class=\"la-item-wrap\"><div id=\"la_heading_69e5e39fd4f8a\" class=\"la-headings text-center vc_custom_1578406193358\"><h3 class=\"js-el heading-tag la-unit-responsive three-font-family font-weight-400\" style=\"\" >DAS TRAININGSKONZEPT VON STEFAN OTTO IST GENIAL<\/h3><div class=\"js-el subheading-tag la-unit-responsive\" style=\"\" ><div class=\"border\">\n<p><span style=\"font-size: 14pt;\">Mit sehr viel K\u00f6nnen und Gesp\u00fcr arbeitet Stefan Otto mit Jung und Alt sowie Amateur und Leistungssportler.<\/span><\/p>\n<\/div>\n<\/div><\/div>\n<\/div>    <\/div>\n<\/div>\n<span data-la_component=\"InsertCustomCSS\" class=\"js-el hidden\">\n    #la_carousel_168310390769e5e39fd4a06{\n        margin-left: -15px;\n        margin-right: -15px;\n    }\n    #la_carousel_168310390769e5e39fd4a06 .la-item-wrap.slick-slide{\n        padding-left: 15px;\n        padding-right: 15px;\n    }\n<\/span><div class=\"btn-wrapper btn-align-center\">\n    <a class=\"btn btn-color-primary btn-align-center btn-size-md btn-style-flat btn-shape-round btn-brw-1\" href=\"http:\/\/studio-bq.com\/kundengeschichten\/\" title=\"Kundengeschichten\" rel=\"nofollow\"><span>NOCH MEHR KUNDENGESCHICHTEN<\/span><\/a><\/div><div id=\"la_divider69e5e39fd50ca\" class=\"js-el la-divider la-unit-responsive\" data-la_component=\"UnitResponsive\"  data-el_target='#la_divider69e5e39fd50ca'  data-el_media_sizes='{&quot;padding-top&quot;:&quot;lg:135px;&quot;}' ><\/div>\n<\/div><\/div><\/div><div class=\"wpb_column vc_column_container vc_col-sm-2\"><div class=\"vc_column-inner\"><div class=\"wpb_wrapper\"><\/div><\/div><\/div><\/div><div class=\"vc_row-full-width vc_clearfix\"><\/div>\n","protected":false},"excerpt":{"rendered":"Ste\u00adfan Otto - Ihr per\u00ads\u00f6n\u00adli\u00adcher Trai\u00adnings\u00adbe\u00adglei\u00adter Body Pro\u00adfi\u00adler In meiner sportlichen und beruflichen Laufbahn ist mir immer wieder bewusst geworden,&hellip;","protected":false},"author":1,"featured_media":0,"parent":0,"menu_order":9,"comment_status":"closed","ping_status":"closed","template":"","meta":{"footnotes":""},"class_list":["post-2499","page","type-page","status-publish","hentry"],"_links":{"self":[{"href":"https:\/\/studio-bq.com\/en\/wp-json\/wp\/v2\/pages\/2499","targetHints":{"allow":["GET"]}}],"collection":[{"href":"https:\/\/studio-bq.com\/en\/wp-json\/wp\/v2\/pages"}],"about":[{"href":"https:\/\/studio-bq.com\/en\/wp-json\/wp\/v2\/types\/page"}],"author":[{"embeddable":true,"href":"https:\/\/studio-bq.com\/en\/wp-json\/wp\/v2\/users\/1"}],"replies":[{"embeddable":true,"href":"https:\/\/studio-bq.com\/en\/wp-json\/wp\/v2\/comments?post=2499"}],"version-history":[{"count":0,"href":"https:\/\/studio-bq.com\/en\/wp-json\/wp\/v2\/pages\/2499\/revisions"}],"wp:attachment":[{"href":"https:\/\/studio-bq.com\/en\/wp-json\/wp\/v2\/media?parent=2499"}],"curies":[{"name":"wp","href":"https:\/\/api.w.org\/{rel}","templated":true}]}}