{"id":2712,"date":"2020-01-07T19:23:30","date_gmt":"2020-01-07T18:23:30","guid":{"rendered":"http:\/\/studio-bq.com\/?page_id=2712"},"modified":"2022-04-11T19:14:20","modified_gmt":"2022-04-11T17:14:20","slug":"biografie","status":"publish","type":"page","link":"https:\/\/studio-bq.com\/en\/biografie\/","title":{"rendered":"Biography"},"content":{"rendered":"<div class=\"vc_row wpb_row vc_row-fluid la_fp_slide la_fp_child_section\"><div class=\"wpb_column vc_column_container vc_col-sm-12\"><div class=\"vc_column-inner\"><div class=\"wpb_wrapper\"><div class=\"wpb_revslider_element wpb_content_element\">\n\t\t\t<!-- START biografie REVOLUTION SLIDER 6.5.20 --><p class=\"rs-p-wp-fix\"><\/p>\n\t\t\t<rs-module-wrap id=\"rev_slider_16_1_wrapper\" data-source=\"gallery\" style=\"visibility:hidden;background:transparent;padding:0;margin:0px auto;margin-top:0;margin-bottom:0;\">\n\t\t\t\t<rs-module id=\"rev_slider_16_1\" style=\"\" data-version=\"6.5.20\">\n\t\t\t\t\t<rs-slides>\n\t\t\t\t\t\t<rs-slide style=\"position: absolute;\" data-key=\"rs-37\" data-title=\"Slide 1\" data-ssop=\"true\" data-anim=\"ms:600;r:0;\" data-in=\"o:0;\" data-out=\"a:false;\">\n\t\t\t\t\t\t\t<img loading=\"lazy\" decoding=\"async\" src=\"\/\/studio-bq.com\/wp-content\/plugins\/revslider\/public\/assets\/assets\/dummy.png\" alt=\"\" width=\"1920\" height=\"1080\" class=\"rev-slidebg tp-rs-img rs-lazyload\" data-lazyload=\"\/\/studio-bq.com\/wp-content\/uploads\/2020\/01\/stefan-otto-studio-bq-dresden-otto-biografie-header.jpg\" data-bg=\"p:center top;\" data-parallax=\"off\" data-no-retina>\n<!---->\t\t\t\t\t\t<\/rs-slide>\n\t\t\t\t\t<\/rs-slides>\n\t\t\t\t\t<rs-static-layers><!--\n\t\t\t\t\t--><\/rs-static-layers>\n\t\t\t\t<\/rs-module>\n\t\t\t\t<script>\n\t\t\t\t\tsetREVStartSize({c: 'rev_slider_16_1',rl:[1240,1024,778,480],el:[868,768,600,500],gw:[1240,1024,778,480],gh:[868,768,600,500],type:'standard',justify:'',layout:'fullwidth',mh:\"0\"});if (window.RS_MODULES!==undefined && window.RS_MODULES.modules!==undefined && window.RS_MODULES.modules[\"revslider161\"]!==undefined) {window.RS_MODULES.modules[\"revslider161\"].once = false;window.revapi16 = undefined;if (window.RS_MODULES.checkMinimal!==undefined) window.RS_MODULES.checkMinimal()}\n\t\t\t\t<\/script>\n\t\t\t<\/rs-module-wrap>\n\t\t\t<!-- END REVOLUTION SLIDER -->\n<\/div><\/div><\/div><\/div><div class=\"wpb_column vc_column_container vc_col-sm-12 vc_col-has-fill\"><div class=\"vc_column-inner vc_custom_1578251685873\"><div class=\"wpb_wrapper\"><div id=\"la_divider69dec0dc09a9b\" class=\"js-el la-divider la-unit-responsive\" data-la_component=\"UnitResponsive\"  data-el_target='#la_divider69dec0dc09a9b'  data-el_media_sizes='{&quot;padding-top&quot;:&quot;lg:65px;&quot;}' ><\/div>\n<div id=\"la_heading_69dec0dc09be3\" class=\"la-headings text-center\"><h3 class=\"js-el heading-tag la-unit-responsive three-font-family font-weight-400\" style=\"font-family:PT Sans;font-weight:400;font-style:normal\"  data-la_component=\"UnitResponsive\"  data-el_target='#la_heading_69dec0dc09be3 .heading-tag'  data-el_media_sizes='{&quot;font-size&quot;:&quot;lg:36px;md:36px;sm:30px;xs:24px;&quot;,&quot;line-height&quot;:&quot;lg:50px;md:36px;sm:30px;xs:24px;&quot;}' >Ste\u00adfan Otto - Ihr per\u00ads\u00f6n\u00adli\u00adcher Trai\u00adnings\u00adbe\u00adglei\u00adter<\/h3><\/div>\n<div id=\"la_divider69dec0dc09d20\" class=\"js-el la-divider la-unit-responsive\" data-la_component=\"UnitResponsive\"  data-el_target='#la_divider69dec0dc09d20'  data-el_media_sizes='{&quot;padding-top&quot;:&quot;lg:40px;&quot;}' ><\/div>\n<\/div><\/div><\/div><\/div><div data-vc-full-width=\"true\" data-vc-full-width-init=\"false\" class=\"vc_row wpb_row vc_row-fluid vc_custom_1578253317169 vc_row-has-fill la_fp_slide la_fp_child_section\"><div class=\"wpb_animate_when_almost_visible wpb_fadeIn fadeIn wpb_column vc_column_container vc_col-sm-4\"><div class=\"vc_column-inner\"><div class=\"wpb_wrapper\"><div id=\"la_divider69dec0dc0a0c4\" class=\"js-el la-divider la-unit-responsive\" data-la_component=\"UnitResponsive\"  data-el_target='#la_divider69dec0dc0a0c4'  data-el_media_sizes='{&quot;padding-top&quot;:&quot;lg:15px;&quot;}' ><\/div>\n<div id=\"la_heading_69dec0dc0a1cb\" class=\"la-headings text-center\"><h3 class=\"js-el heading-tag la-unit-responsive three-font-family font-weight-400\" style=\"\" >Zur Per\u00adson - Bio\u00adgra\u00adfie<\/h3><\/div>\n<div id=\"la_divider69dec0dc0a24f\" class=\"js-el la-divider la-unit-responsive\" data-la_component=\"UnitResponsive\"  data-el_target='#la_divider69dec0dc0a24f'  data-el_media_sizes='{&quot;padding-top&quot;:&quot;lg:65px;&quot;}' ><\/div>\n\n\t<div  class=\"wpb_single_image wpb_content_element vc_align_center  wpb_animate_when_almost_visible wpb_fadeIn fadeIn\">\n\t\t\n\t\t<figure class=\"wpb_wrapper vc_figure\">\n\t\t\t<div class=\"vc_single_image-wrapper vc_box_shadow_border_circle  vc_box_border_grey\"><img loading=\"lazy\" decoding=\"async\" data-vc-zoom=\"https:\/\/studio-bq.com\/wp-content\/uploads\/2020\/01\/stefan-otto-studio-bq-dresden-bq-studio-17-scaled-1708x1708-1.jpg\" class=\"vc_single_image-img \" src=\"https:\/\/studio-bq.com\/wp-content\/uploads\/2020\/01\/stefan-otto-studio-bq-dresden-bq-studio-17-scaled-1708x1708-1-400x400.jpg\" width=\"400\" height=\"400\" alt=\"\" title=\"\" \/><\/div>\n\t\t<\/figure>\n\t<\/div>\n<\/div><\/div><\/div><div class=\"wpb_animate_when_almost_visible wpb_fadeIn fadeIn wpb_column vc_column_container vc_col-sm-6\"><div class=\"vc_column-inner\"><div class=\"wpb_wrapper\"><div id=\"la_divider69dec0dc0a989\" class=\"js-el la-divider la-unit-responsive\" data-la_component=\"UnitResponsive\"  data-el_target='#la_divider69dec0dc0a989'  data-el_media_sizes='{&quot;padding-top&quot;:&quot;lg:15px;&quot;}' ><\/div>\n<div id=\"la_heading_69dec0dc0aa9c\" class=\"la-headings text-left vc_custom_1578421780792\"><div class=\"js-el subheading-tag la-unit-responsive\" style=\"\" ><p style=\"text-align: left;\">Als Nichtmediziner und Nichttherapeut bef\u00e4hige ich Sie, Ihre K\u00f6rperfunktionen wieder ins Lot zu bringen. Ich verstehe mich nicht als klassischer Fitnesstrainer, sondern als Ihr pers\u00f6nlicher Trainingsbegleiter auf Ihrem gesunden Weg. Meine Arbeit basiert auf jahrelangem fachlichen, nationalem und internationalem, Austausch mit \u00c4rzten, Therapeuten und Trainern.<\/p>\n<\/div><\/div>\n<div id=\"la_divider69dec0dc0ab50\" class=\"js-el la-divider la-unit-responsive\" data-la_component=\"UnitResponsive\"  data-el_target='#la_divider69dec0dc0ab50'  data-el_media_sizes='{&quot;padding-top&quot;:&quot;lg:15px;&quot;}' ><\/div>\n<div id=\"la_heading_69dec0dc0ac44\" class=\"la-headings text-left vc_custom_1578669001064\"><div class=\"js-el subheading-tag la-unit-responsive\" style=\"\" ><p>Geboren 1967 in Hoyerswerda<\/p>\n<p>1979 \u2013 1984 Leistungssport Radfahren<\/p>\n<p>1982 \u2013 1985 Breakdance, Jazz Dance, Pantomimentanz<\/p>\n<p>1980 \u2013 1985 Krafttraining mit leistungsorientierten Gewichthebern<\/p>\n<p>1985 \u2013 1988 Fallschirmdienst bei der NVA<\/p>\n<p>1986 \u2013 1988 Triathlon<\/p>\n<p>1987 \u2013 1989 Ballett &amp; Modern Dance<\/p>\n<p>1989 Umzug nach Hamburg<\/p>\n<p>1990 \u2013 1998 Sportfallschirmspringen Freestyle<\/p>\n<p>1991 Ausbildung Trainer B Lizenz an der BSA Akademie anschlie\u00dfend Fitness Trainer in verschiedenen renommierten gro\u00dfen Fitness Clubs in Hamburg<\/p>\n<p>1992 Beginn der T\u00e4tigkeit als Personal Trainer mit eigenem kleinem Studio <\/p>\n<p>1994 \u2013 2003 Auslandsbetreuung meiner Kunden: Karibik 3 Monate Filmaufnahmen Klinik unter Palmen, NEW York, London, Kroatien, Sardinien, Dubai, Afrika, Norwegen, Malediven, Mauritius, Schweiz;<\/p>\n<p>1995 Ausbildung zum Trainer f\u00fcr Sportrehabilitation an der BSA Akademie<\/p>\n<p>1996 Neue vergr\u00f6\u00dferte Studior\u00e4umlichkeit <\/p>\n<p>2001 Produktion erstes Trainingsvideo BQ<\/p>\n<p>2002 Entwicklung des BQ Equipment <\/p>\n<p>2003 Ausbildung i Tuina nach Prof. Meng<\/p>\n<p>2003 Er\u00f6ffnung des Studios BQ ganzheitliches Trainingskonzept mit neuentwickelten Studioger\u00e4ten<\/p>\n<p>2003 \u2013 2009 Marktf\u00fchrer in Hamburg f\u00fcr Privatstudiof\u00fchrung mit 120 Kunden<\/p>\n<p>1996 \u2013 2009 intensiver Netzwerkausbau in allen med. Fachrichtungen sowie Vekauf von weit \u00fcber 100 Life Fitness Cardioger\u00e4ten an meine Kunden<\/p>\n<p>2009 BQ Studio Hamburg und Umzug zur\u00fcck nach Dresden<\/p>\n<p>2009 Er\u00f6ffnung BQ Studio by Stefan Otto auf 280m<sup>2<\/sup>\u00a0in Dresden mit kompletter neuer Einrichtung an Ger\u00e4ten und Ausstattung in die ZEITENSTR\u00d6MUNG in der Neustadt<\/p>\n<p>2010 Gr\u00fcndung der BQ Studio by Stefan OTTO GmbH<\/p>\n<p>2013 Verleihung des NEOS AWARD f\u00fcr Konzept und Innovation<\/p>\n<p>2015 letzter Umzug sowie Vergr\u00f6\u00dferung auf 360m<sup>2<\/sup>\u00a0des BQ Studios am Messering 8c im Erlwein Forum auf dem Messegel\u00e4nde in Dresden<\/p>\n<\/div><\/div>\n<div id=\"la_divider69dec0dc0acee\" class=\"js-el la-divider la-unit-responsive\" data-la_component=\"UnitResponsive\"  data-el_target='#la_divider69dec0dc0acee'  data-el_media_sizes='{&quot;padding-top&quot;:&quot;lg:65px;&quot;}' ><\/div>\n<\/div><\/div><\/div><div class=\"wpb_column vc_column_container vc_col-sm-2\"><div class=\"vc_column-inner\"><div class=\"wpb_wrapper\"><div id=\"la_divider69dec0dc0aee4\" class=\"js-el la-divider la-unit-responsive\" data-la_component=\"UnitResponsive\"  data-el_target='#la_divider69dec0dc0aee4'  data-el_media_sizes='{&quot;padding-top&quot;:&quot;lg:170px;&quot;}' ><\/div>\n\n\t<div  class=\"wpb_single_image wpb_content_element vc_align_left  wpb_animate_when_almost_visible wpb_fadeIn fadeIn\">\n\t\t\n\t\t<figure class=\"wpb_wrapper vc_figure\">\n\t\t\t<div class=\"vc_single_image-wrapper vc_box_shadow_border_circle  vc_box_border_grey\"><img loading=\"lazy\" decoding=\"async\" data-vc-zoom=\"https:\/\/studio-bq.com\/wp-content\/uploads\/2020\/01\/stefan-otto-studio-bq-dresden-otto-biografie-teaser.png\" class=\"vc_single_image-img \" src=\"https:\/\/studio-bq.com\/wp-content\/uploads\/2020\/01\/stefan-otto-studio-bq-dresden-otto-biografie-teaser-330x330.png\" width=\"330\" height=\"330\" alt=\"\" title=\"\" \/><\/div>\n\t\t<\/figure>\n\t<\/div>\n<\/div><\/div><\/div><\/div><div class=\"vc_row-full-width vc_clearfix\"><\/div><div data-vc-full-width=\"true\" data-vc-full-width-init=\"false\" class=\"vc_row wpb_row vc_row-fluid vc_custom_1578248590478 vc_row-has-fill vc_column-gap-5 vc_row-o-content-top vc_row-flex la_fp_slide la_fp_child_section\"><div class=\"wpb_animate_when_almost_visible wpb_fadeIn fadeIn wpb_column vc_column_container vc_col-sm-12\"><div class=\"vc_column-inner\"><div class=\"wpb_wrapper\"><div id=\"la_divider69dec0dc0b656\" class=\"js-el la-divider la-unit-responsive\" data-la_component=\"UnitResponsive\"  data-el_target='#la_divider69dec0dc0b656'  data-el_media_sizes='{&quot;padding-top&quot;:&quot;lg:15px;&quot;}' ><\/div>\n<div id=\"la_heading_69dec0dc0b73b\" class=\"la-headings text-center\"><div class=\"js-el subheading-tag la-unit-responsive\" style=\"\" ><div class=\"row zitat\">\n<p style=\"text-align: center;\"><span style=\"font-size: 36pt; font-family: journal-webfont; color: #ffffff;\">Erst wenn der Mensch alles losl\u00e4sst, was ihm krank macht, hat er die Chance zu gesunden<\/span><\/p>\n<\/div>\n<\/div><\/div>\n<div id=\"la_divider69dec0dc0b7ca\" class=\"js-el la-divider la-unit-responsive\" data-la_component=\"UnitResponsive\"  data-el_target='#la_divider69dec0dc0b7ca'  data-el_media_sizes='{&quot;padding-top&quot;:&quot;lg:40px;&quot;}' ><\/div>\n<\/div><\/div><\/div><\/div><div class=\"vc_row-full-width vc_clearfix\"><\/div><div data-vc-full-width=\"true\" data-vc-full-width-init=\"false\" class=\"vc_row wpb_row vc_row-fluid vc_custom_1578253341300 vc_row-has-fill la_fp_slide la_fp_child_section\"><div class=\"wpb_animate_when_almost_visible wpb_fadeIn fadeIn wpb_column vc_column_container vc_col-sm-4\"><div class=\"vc_column-inner\"><div class=\"wpb_wrapper\"><div id=\"la_divider69dec0dc0bad5\" class=\"js-el la-divider la-unit-responsive\" data-la_component=\"UnitResponsive\"  data-el_target='#la_divider69dec0dc0bad5'  data-el_media_sizes='{&quot;padding-top&quot;:&quot;lg:65px;&quot;}' ><\/div>\n<div id=\"la_heading_69dec0dc0bbc3\" class=\"la-headings text-center\"><h3 class=\"js-el heading-tag la-unit-responsive three-font-family font-weight-400\" style=\"\" >Wer\u00adde\u00adgang<\/h3><\/div>\n<div id=\"la_divider69dec0dc0bc24\" class=\"js-el la-divider la-unit-responsive\" data-la_component=\"UnitResponsive\"  data-el_target='#la_divider69dec0dc0bc24'  data-el_media_sizes='{&quot;padding-top&quot;:&quot;lg:65px;&quot;}' ><\/div>\n\n\t<div  class=\"wpb_single_image wpb_content_element vc_align_center  wpb_animate_when_almost_visible wpb_fadeIn fadeIn\">\n\t\t\n\t\t<figure class=\"wpb_wrapper vc_figure\">\n\t\t\t<div class=\"vc_single_image-wrapper vc_box_shadow_border_circle  vc_box_border_grey\"><img loading=\"lazy\" decoding=\"async\" data-vc-zoom=\"https:\/\/studio-bq.com\/wp-content\/uploads\/2020\/01\/stefan-otto-studio-bq-dresden-bq-equipment-profi-03.jpg\" class=\"vc_single_image-img \" src=\"https:\/\/studio-bq.com\/wp-content\/uploads\/2020\/01\/stefan-otto-studio-bq-dresden-bq-equipment-profi-03-400x400.jpg\" width=\"400\" height=\"400\" alt=\"\" title=\"\" \/><\/div>\n\t\t<\/figure>\n\t<\/div>\n<\/div><\/div><\/div><div class=\"wpb_animate_when_almost_visible wpb_fadeIn fadeIn wpb_column vc_column_container vc_col-sm-6\"><div class=\"vc_column-inner\"><div class=\"wpb_wrapper\"><div id=\"la_divider69dec0dc0c24f\" class=\"js-el la-divider la-unit-responsive\" data-la_component=\"UnitResponsive\"  data-el_target='#la_divider69dec0dc0c24f'  data-el_media_sizes='{&quot;padding-top&quot;:&quot;lg:65px;&quot;}' ><\/div>\n<div id=\"la_heading_69dec0dc0c348\" class=\"la-headings text-left vc_custom_1578422101597\"><div class=\"js-el subheading-tag la-unit-responsive\" style=\"\" ><p>Zwei Freunden aus Hamburg verdanke ich die Idee mich dem Personal Training gewidmet zu haben. Meine Konsequenz und innovatives Training sind die Grundsteine daf\u00fcr, dass ich seit nunmehr fast 30 Jahren sehr erfolgreich meiner Berufung nachgehe. Eine Entwicklung f\u00fcr mich selbst und f\u00fcr den Sport, von der ich zeitweise selbst \u00fcberrascht war. Ich habe immer instinktiv gehandelt und daraus ein Konzept entwickelt, welches einzigartig ist &#8211; Der gesunde Weg zu dir selbst.<\/p>\n<p>Alles begann im Jahr 1991 mit einer Ausbildung im Fernunterricht vom BSA Lehrzentrum f\u00fcr die Trainer B-Lizenz. Kurz darauf arbeitete ich in zwei bekannten Hamburger Studios, dort viel mir schnell auf, dass die Ernsthaftigkeit der Betreuung der Mitglieder nicht an erster Stelle stand. Um einen Menschen in den optimalen Zustand zu f\u00fchren, bedarf es viel Aufmerksamkeit und Motivation. In den ersten Ger\u00e4testunden mit den Mitgliedern wurde mir schnell bewusst, dass die Umsetzung der \u00dcbungen f\u00fcr die Mitglieder schlecht oder gar nicht m\u00f6glich war.<\/p>\n<p class=\"bold\">Ich hatte einige Jahre gebraucht, um heraus zu finden warum&#8230;<\/p>\n<p>Unsere K\u00f6rpersprache beginnt mit dem ABC, dass bezeichne ich als Basis und Fundament f\u00fcr unsere Ureigene Bewegung. Sie beinhaltet Ausdauer, Beweglichkeit, Balance und Kraft. F\u00fcr mich war es normal durch den Leistungssport in der DDR sich mit dem K\u00f6rper frei bewegen zu k\u00f6nnen. Dadurch bekam ich den ersten Impuls einen anderen Blick f\u00fcr mich zu erlernen, um die Mitglieder da abzuholen, wo gerade sie sich befinden. Ich stie\u00df bei der Gesch\u00e4ftsf\u00fchrung mit meiner Idee schnell auf taube Ohren. Zu gleich war der Zulauf von neuen Mitgliedern nach meiner Trainingseinweisung sehr hoch.<\/p>\n<p class=\"bold\">Der Gedanke hat mich fasziniert, so konnte ich mich komplett frei bewegen und meinen Ideen und meiner Motivation f\u00fcrs K\u00f6rpertraining freien Lauf lassen.<\/p>\n<p>Nach einem Jahr war f\u00fcr mich die reine Studioarbeit beendet und Startschuss f\u00fcr die Selbstst\u00e4ndigkeit war gefallen.<\/p>\n<p>Durch die internationale Erfahrung meiner Hamburger Freunde, bekam ich die Information was Personal Training eigentlich ist und wie es funktioniert. Die Idee hat mich fasziniert, so konnte ich mich komplett frei bewegen und meinen Ideen und Motivation f\u00fcrs K\u00f6rpertraining freien Lauf lassen. Schnell waren ein passender Text und ein Foto als Logo gefunden. So begann ich 1992 meine ersten Flyer in die ausgesuchten Haushalte auszutragen. Dann kamen nach 14 Tagen die ersten Anrufe und Nachfragen nach einem Einzeltraining, es folgten B\u00fcrobesuche, Outdoor Training und Hausbesuche. In dieser Zeit sp\u00fcrte ich, dass ich f\u00fcr meine neuen Kunden einen neutralen Ort brauche, um sie nicht immer mit ihren eigenen Energien zu konfrontieren.<\/p>\n<p class=\"bold\">Ich baute diese Einzimmerwohnung zum kleinsten Studio Deutschlands aus.<\/p>\n<p>Zum Interieur z\u00e4hlten Spiegel, Sprossenwand, Klimmzugstange und die ersten Ausdauerger\u00e4te in Home-Version von Life Fitness: Stepper und Laufband. Je mehr Kunden mich besuchten, umso mehr neue k\u00f6rperliche Probleme und Details aus verschiedenen Richtungen kamen auf mich zu. Ich fand den Weg zur k\u00f6rperlichen Basis, dieser Weg verhalf mir die Probleme oder Schmerzen schnell zu l\u00f6sen. Ich nahm Kontakte zu Therapeuten auf, um Antworten zu finden auf meine Fragen. Wie sind die Kunden in diese Lage gekommen, was ist die Ursache?<\/p>\n<p class=\"bold\">Mein Ziel war und ist es den Problemen auf den Grund zu gehen.<\/p>\n<p>Oft bekam ich die Antwort: \u201eGeht nicht, es ist halt so.\u201c oder \u201eEs ist ein genetisches Problem.\u201c Im Fitnessstudio gab es die Information, wenn es nicht geht, dann lasse die \u00dcbung einfach weg. Es ist genauso, als w\u00fcrde ich eine Funktion v\u00f6llig ausblenden.<\/p>\n<p class=\"bold\">Das war mir zu wenig. Ich war mir sicher, dass die Natur keine Einbahnstra\u00dfen gesetzt hat.<\/p>\n<p>Meine erste Auslandsreise war 1993 f\u00fcnf Wochen nach Florida, dort besuchte ich den bekanntesten Studioinhaber Joe Cerulli von Amerika. Mich beeindruckte seine Philosophie und Arbeitsweise, dass er verschiedene Komponenten von Rehabilitation bis Body Building alles anbot. Er hatte ein umfangreiches Team, welches immer an einem Tisch sa\u00df und die gesamten Entscheidungen trug. Als ich ihn fragte, wie ich beim Menschen Funktionsst\u00f6rungen aufsp\u00fcren kann, um diese aufzul\u00f6sen, konnte er mir keine Antwort geben. Mit mehr als 100 Videos und B\u00fcchern aus den Fachbereichen Fitness, Rehabilitation, Tanz und Turnen bin ich nach Deutschland zur\u00fcck gereist.<\/p>\n<p>Beim sorgf\u00e4ltigen Sichten der Informationen, fand ich einige neue Ans\u00e4tze f\u00fcr \u00dcbungen und Techniken. Aber keinen guten Weg f\u00fcr jemand der seine k\u00f6rperliche Mitte verloren hat, diese wieder zu erlangen. Es sind die Zivilisationskrankheiten die sich in unserer Gesellschaft gro\u00dffl\u00e4chig ausbreiten. Mein Weg ist es immer gewesen, zu erkennen welche Probleme sich in dem jeweiligen K\u00f6rper manifestiert haben.<\/p>\n<p class=\"bold\">Dann beginne ich den L\u00f6sungsweg zu finden, wie ich die Probleme im K\u00f6rper aufl\u00f6sen und in Zukunft ausgleichen kann. Da es nicht in meiner Macht steht, die Gesellschaft zu \u00e4ndern.<\/p>\n<p>Nach 11\/2 Jahren Privatstudio standen schon 60 Kunden vor der T\u00fcr. Das Training entwickelte sich immer sehr schnell weiter, je mehr oder besseres Werkzeug ich zum arbeiten hatte. Eines Tages rieten mir Klaus-J\u00fcrgen Wussow und viele andere Kunden in ein anderes repr\u00e4sentativeres Studio zu ziehen \u2013raus aus diesem Asylbewerber Hochhaus. Im Jahr 1996 zog ich in eine alte Remise im Hinterhof in Winterhude auf 80m<sup>2<\/sup>\u00a0mit zwei Ebenen. Hier begann ich intensiv nach L\u00f6sungen zu forschen, die meine Ger\u00e4teentwicklung enorm vorantrieb. Durch genaue Beobachtungsgabe und Gesp\u00fcr bei den \u00dcbungen mit dem Kunden, kamen mir immer wieder neue Ideen.<\/p>\n<p class=\"bold\">Das Problem war, f\u00fcr die \u00dcbungen die ich in meinem Kopf hatte, gab es keine passenden Ger\u00e4te.<\/p>\n<p>Der f\u00fcnfte Tischler den ich ansprach, verstand meine Ideen \u2013 bis heute. Auf der Reha Messe 1996 lernte ich Sven Kr\u00fcger von REHA-TECHNIK kennen, der mein Laufband f\u00fcr mich konzipierte und baute sowie noch viele nachfolgende Ger\u00e4te. So wurde mir schon 1999 das Studio zu klein und suchte intensiv nach neuen R\u00e4umlichkeiten, 2002 war es gefunden mit neuem Konzept und einer gro\u00dfen Investition.<\/p>\n<p>Das BQ Studio by Stefan Otto war geboren, mit dem BQ Body Quotienten.<\/p>\n<p>Es ist eine Ma\u00dfeinheit f\u00fcr mich, mit der ich ganz genau dem Menschen zeigen kann, wo er sich gerade befindet und wo er eigentlich hingeh\u00f6rt. K\u00f6rperintelligenz bedeutet Information und Instinkt \u00fcber die K\u00f6rperfunktionen wieder zu erlangen und ein Leben lang in Bewegung zu halten. In dieser Phase wurde mir bewusst, dass ich keine Verbindung mehr zum Fitnessbereich fand und erst recht nicht zur Physiotherapie.<\/p>\n<p class=\"bold\">Meine Arbeit richtet sich immer nach dem jeweiligen menschlichen Profil. So fand ich meine eigene Bezeichnung f\u00fcr meine Berufung \u201eBody Profiler\u201c.<\/p>\n<p>Das neue Studio in Bahrenfeld im Otto von Bahrenpark hatte eine Fl\u00e4che von 225m<sup>2<\/sup>\u00a0und einer Deckenh\u00f6he von 4,50 m und einer hohen Helligkeit. Die Arbeits- und Ablaufqualit\u00e4t war enorm gesteigert, ich konnte jetzt zur gleichen Zeit zwei Kunden in meinen R\u00e4umlichkeiten trainieren lassen. So dass Fortgeschrittene Kunden im getrennten Ausdauerraum sich aufw\u00e4rmten und ich auf der anderen Seite ein Training geben konnte. Obwohl ich 12km entfernt in anderen Stadtteil mein Studio er\u00f6ffnete, war es in sechs Monaten bereits ausgebucht. Um Ganzheitlich meine Kunden zu betrachten, brauchte ich ein Netzwerk von Fachspezialisten aus medizinischen und alternativen Berufen. Sobald ich eine St\u00f6rung fand, die ich nicht l\u00f6sen konnte, vermittelte ich den Kunden weiter.<\/p>\n<p class=\"bold\">Nach 7 Jahren erfolgreicher Arbeit ging ich einen gro\u00dfen Schritt und verlie\u00df Hamburg.<\/p>\n<p>Der Umzug und die Verabschiedung aus der Hamburger Gesellschaft war die schwerste Entscheidung meiner jetzigen Laufbahn. Ich folgte meinem Herzen und der Vision, in Dresden das erste gro\u00dfe BQ Studio f\u00fcr K\u00f6rperarbeit zu er\u00f6ffnen. Um diesen Traum zu verwirklichen, musste ich erst einmal Fu\u00df fassen in Dresden und meine Arbeit publik machen.<\/p>\n<p>Ich fand mein Traumstudio in der Zeitenstr\u00f6mung, welches extra f\u00fcr mich aufwendig saniert wurde. Das erste BQ Studio in Dresden umfasste 280m<sup>2<\/sup>, sowie neue umfangreich konzipierte Ger\u00e4te. Die Multifunktionalit\u00e4t der M\u00f6glichkeiten war ein wahrer Genuss. Zwei Jahre harter Arbeit und konsequenter Glaube verschafften mir einen festen Kundenstamm von 80 Kunden.<\/p>\n<p>Im Sommer 2015 erweiterte ich das Studio BQ und gewann die beste L\u00f6sung f\u00fcr mich und meine Kunden in Raum und Ausstattung. Die 360m<sup>2<\/sup>\u00a0im Messegel\u00e4nde Dresden konnte ich nach individuellen W\u00fcnschen aktiv mit konzipieren und somit ein Maximum an Effektivit\u00e4t erreichen. Jetzt habe ich meinen festen Platz in Dresden gefunden und genie\u00dfe jeden Tag hier arbeiten zu d\u00fcrfen. \u00dcberzeugen Sie sich selbst vom Charme der R\u00e4ume und meiner Pers\u00f6nlichkeit.<\/p>\n<p class=\"bold\">Meine neue Aufgabe ist es meine Erfahrungen in Sachen K\u00f6rpertraining niederzuschreiben. Ein Ausbildungskonzept zu erarbeiten und mein jetziges Konzept zu vervielf\u00e4ltigen, sprich ein gro\u00dfes Studio mit vielen Body Profilern zu er\u00f6ffnen. Ein Studio was keine Mitgliedschaften hat, sondern den Willen des einzelnen Menschen ben\u00f6tigt im helfen zu wollen.<\/p>\n<\/div><\/div>\n<div id=\"la_divider69dec0dc0c436\" class=\"js-el la-divider la-unit-responsive\" data-la_component=\"UnitResponsive\"  data-el_target='#la_divider69dec0dc0c436'  data-el_media_sizes='{&quot;padding-top&quot;:&quot;lg:15px;&quot;}' ><\/div>\n<div id=\"la_divider69dec0dc0c4a6\" class=\"js-el la-divider la-unit-responsive\" data-la_component=\"UnitResponsive\"  data-el_target='#la_divider69dec0dc0c4a6'  data-el_media_sizes='{&quot;padding-top&quot;:&quot;lg:65px;&quot;}' ><\/div>\n<\/div><\/div><\/div><div class=\"wpb_column vc_column_container vc_col-sm-2\"><div class=\"vc_column-inner\"><div class=\"wpb_wrapper\"><div id=\"la_divider69dec0dc0c643\" class=\"js-el la-divider la-unit-responsive\" data-la_component=\"UnitResponsive\"  data-el_target='#la_divider69dec0dc0c643'  data-el_media_sizes='{&quot;padding-top&quot;:&quot;lg:170px;&quot;}' ><\/div>\n\n\t<div  class=\"wpb_single_image wpb_content_element vc_align_center  wpb_animate_when_almost_visible wpb_fadeIn fadeIn\">\n\t\t\n\t\t<figure class=\"wpb_wrapper vc_figure\">\n\t\t\t<div class=\"vc_single_image-wrapper vc_box_shadow_border_circle  vc_box_border_grey\"><img loading=\"lazy\" decoding=\"async\" data-vc-zoom=\"https:\/\/studio-bq.com\/wp-content\/uploads\/2020\/01\/stefan-otto-studio-bq-dresden-bq-equipment-profi-02.jpg\" class=\"vc_single_image-img \" src=\"https:\/\/studio-bq.com\/wp-content\/uploads\/2020\/01\/stefan-otto-studio-bq-dresden-bq-equipment-profi-02-400x400.jpg\" width=\"400\" height=\"400\" alt=\"\" title=\"\" \/><\/div>\n\t\t<\/figure>\n\t<\/div>\n<\/div><\/div><\/div><\/div><div class=\"vc_row-full-width vc_clearfix\"><\/div><div class=\"vc_row wpb_row vc_row-fluid vc_custom_1578422246568 vc_row-has-fill la_fp_slide la_fp_child_section\"><div class=\"wpb_column vc_column_container vc_col-sm-12 vc_col-has-fill\"><div class=\"vc_column-inner vc_custom_1578261733109\"><div class=\"wpb_wrapper\"><div id=\"la_divider69dec0dc0fb53\" class=\"js-el la-divider la-unit-responsive\" data-la_component=\"UnitResponsive\"  data-el_target='#la_divider69dec0dc0fb53'  data-el_media_sizes='{&quot;padding-top&quot;:&quot;lg:135px;&quot;}' ><\/div>\n<\/div><\/div><\/div><\/div>\n","protected":false},"excerpt":{"rendered":"Ste\u00adfan Otto - Ihr per\u00ads\u00f6n\u00adli\u00adcher Trai\u00adnings\u00adbe\u00adglei\u00adter Zur Per\u00adson - Bio\u00adgra\u00adfie Als Nichtmediziner und Nichttherapeut bef\u00e4hige ich Sie, Ihre K\u00f6rperfunktionen wieder&hellip;","protected":false},"author":1,"featured_media":0,"parent":0,"menu_order":10,"comment_status":"closed","ping_status":"closed","template":"","meta":{"footnotes":""},"class_list":["post-2712","page","type-page","status-publish","hentry"],"_links":{"self":[{"href":"https:\/\/studio-bq.com\/en\/wp-json\/wp\/v2\/pages\/2712","targetHints":{"allow":["GET"]}}],"collection":[{"href":"https:\/\/studio-bq.com\/en\/wp-json\/wp\/v2\/pages"}],"about":[{"href":"https:\/\/studio-bq.com\/en\/wp-json\/wp\/v2\/types\/page"}],"author":[{"embeddable":true,"href":"https:\/\/studio-bq.com\/en\/wp-json\/wp\/v2\/users\/1"}],"replies":[{"embeddable":true,"href":"https:\/\/studio-bq.com\/en\/wp-json\/wp\/v2\/comments?post=2712"}],"version-history":[{"count":0,"href":"https:\/\/studio-bq.com\/en\/wp-json\/wp\/v2\/pages\/2712\/revisions"}],"wp:attachment":[{"href":"https:\/\/studio-bq.com\/en\/wp-json\/wp\/v2\/media?parent=2712"}],"curies":[{"name":"wp","href":"https:\/\/api.w.org\/{rel}","templated":true}]}}