{"id":2888,"date":"2020-01-10T18:07:53","date_gmt":"2020-01-10T17:07:53","guid":{"rendered":"http:\/\/studio-bq.com\/?page_id=2888"},"modified":"2020-01-22T20:55:58","modified_gmt":"2020-01-22T19:55:58","slug":"gutschein","status":"publish","type":"page","link":"https:\/\/studio-bq.com\/en\/gutschein\/","title":{"rendered":"Voucher"},"content":{"rendered":"<div class=\"vc_row wpb_row vc_row-fluid la_fp_slide la_fp_child_section\"><div class=\"wpb_column vc_column_container vc_col-sm-12 vc_col-has-fill\"><div class=\"vc_column-inner vc_custom_1578421154207\"><div class=\"wpb_wrapper\"><div id=\"la_divider69e7399c09db4\" class=\"js-el la-divider la-unit-responsive\" data-la_component=\"UnitResponsive\"  data-el_target='#la_divider69e7399c09db4'  data-el_media_sizes='{&quot;padding-top&quot;:&quot;lg:200px;&quot;}' ><\/div>\n<\/div><\/div><\/div><div class=\"wpb_column vc_column_container vc_col-sm-12 vc_col-has-fill\"><div class=\"vc_column-inner vc_custom_1578251685873\"><div class=\"wpb_wrapper\"><div id=\"la_divider69e7399c09fa2\" class=\"js-el la-divider la-unit-responsive\" data-la_component=\"UnitResponsive\"  data-el_target='#la_divider69e7399c09fa2'  data-el_media_sizes='{&quot;padding-top&quot;:&quot;lg:65px;&quot;}' ><\/div>\n<div id=\"la_heading_69e7399c0a0af\" class=\"la-headings text-center\"><h3 class=\"js-el heading-tag la-unit-responsive three-font-family font-weight-400\" style=\"font-family:PT Sans;font-weight:400;font-style:normal\"  data-la_component=\"UnitResponsive\"  data-el_target='#la_heading_69e7399c0a0af .heading-tag'  data-el_media_sizes='{&quot;font-size&quot;:&quot;lg:36px;md:36px;sm:30px;xs:24px;&quot;,&quot;line-height&quot;:&quot;lg:50px;md:36px;sm:30px;xs:24px;&quot;}' >Voucher<\/h3><div class=\"js-el subheading-tag la-unit-responsive\" style=\"\" ><p style=\"text-align: center;\"><span style=\"font-size: 14pt;\">Would you like to give away a consultation, a double hour of body training or a voucher for home equipment?<\/span><\/p>\n<\/div><\/div>\n<div id=\"la_divider69e7399c0a264\" class=\"js-el la-divider la-unit-responsive\" data-la_component=\"UnitResponsive\"  data-el_target='#la_divider69e7399c0a264'  data-el_media_sizes='{&quot;padding-top&quot;:&quot;lg:40px;&quot;}' ><\/div>\n<\/div><\/div><\/div><\/div><div data-vc-full-width=\"true\" data-vc-full-width-init=\"false\" class=\"vc_row wpb_row vc_row-fluid vc_custom_1578253317169 vc_row-has-fill la_fp_slide la_fp_child_section\"><div class=\"wpb_animate_when_almost_visible wpb_fadeIn fadeIn wpb_column vc_column_container vc_col-sm-4\"><div class=\"vc_column-inner\"><div class=\"wpb_wrapper\"><div id=\"la_divider69e7399c0a56e\" class=\"js-el la-divider la-unit-responsive\" data-la_component=\"UnitResponsive\"  data-el_target='#la_divider69e7399c0a56e'  data-el_media_sizes='{&quot;padding-top&quot;:&quot;lg:15px;&quot;}' ><\/div>\n<div id=\"la_heading_69e7399c0a650\" class=\"la-headings text-center\"><h3 class=\"js-el heading-tag la-unit-responsive three-font-family font-weight-400\" style=\"\" >Order a voucher<\/h3><\/div>\n<\/div><\/div><\/div><div class=\"wpb_animate_when_almost_visible wpb_fadeIn fadeIn wpb_column vc_column_container vc_col-sm-8\"><div class=\"vc_column-inner\"><div class=\"wpb_wrapper\">\n\t<div  class=\"wpb_single_image wpb_content_element vc_align_left  wpb_animate_when_almost_visible wpb_fadeIn fadeIn\">\n\t\t\n\t\t<figure class=\"wpb_wrapper vc_figure\">\n\t\t\t<div class=\"vc_single_image-wrapper   vc_box_border_grey\"><img loading=\"lazy\" decoding=\"async\" width=\"601\" height=\"601\" src=\"https:\/\/studio-bq.com\/wp-content\/uploads\/2020\/01\/stefan-otto-studio-bq-dresden-gutschein_01.png\" class=\"vc_single_image-img attachment-medium\" alt=\"\" title=\"\" srcset=\"https:\/\/studio-bq.com\/wp-content\/uploads\/2020\/01\/stefan-otto-studio-bq-dresden-gutschein_01.png 601w, https:\/\/studio-bq.com\/wp-content\/uploads\/2020\/01\/stefan-otto-studio-bq-dresden-gutschein_01-24x24.png 24w, https:\/\/studio-bq.com\/wp-content\/uploads\/2020\/01\/stefan-otto-studio-bq-dresden-gutschein_01-48x48.png 48w, https:\/\/studio-bq.com\/wp-content\/uploads\/2020\/01\/stefan-otto-studio-bq-dresden-gutschein_01-96x96.png 96w, https:\/\/studio-bq.com\/wp-content\/uploads\/2020\/01\/stefan-otto-studio-bq-dresden-gutschein_01-150x150.png 150w, https:\/\/studio-bq.com\/wp-content\/uploads\/2020\/01\/stefan-otto-studio-bq-dresden-gutschein_01-300x300.png 300w\" sizes=\"auto, (max-width: 601px) 100vw, 601px\" \/><\/div>\n\t\t<\/figure>\n\t<\/div>\n<div id=\"la_divider69e7399c0ad26\" class=\"js-el la-divider la-unit-responsive\" data-la_component=\"UnitResponsive\"  data-el_target='#la_divider69e7399c0ad26'  data-el_media_sizes='{&quot;padding-top&quot;:&quot;lg:15px;&quot;}' ><\/div>\n<\/div><\/div><\/div><\/div><div class=\"vc_row-full-width vc_clearfix\"><\/div><div class=\"vc_row wpb_row vc_row-fluid la_fp_slide la_fp_child_section\"><div class=\"wpb_column vc_column_container vc_col-sm-12 vc_col-has-fill\"><div class=\"vc_column-inner vc_custom_1578251685873\"><div class=\"wpb_wrapper\"><div id=\"la_heading_69e7399c0b0aa\" class=\"la-headings text-center vc_custom_1579722951428\"><div class=\"js-el subheading-tag la-unit-responsive\" style=\"\" ><p style=\"text-align: center;\"><span style=\"font-size: 14pt;\">Please contact us via email at\u00a0<a href=\"mailto:kontakt@studio-bq.de\">kontakt@studio-bq.de<\/a>, by phone on (+49) 0351\/32 92 52 12 or use our contact form and let us know which voucher you have chosen. We will be happy to send your personal voucher to you immediately or, if desired, directly to the recipient.<\/span><\/p>\n<p>\u00a0<\/p>\n<\/div><\/div>\n<div id=\"la_divider69e7399c0b142\" class=\"js-el la-divider la-unit-responsive\" data-la_component=\"UnitResponsive\"  data-el_target='#la_divider69e7399c0b142'  data-el_media_sizes='{&quot;padding-top&quot;:&quot;lg:65px;&quot;}' ><\/div>\n<\/div><\/div><\/div><\/div><div data-vc-full-width=\"true\" data-vc-full-width-init=\"false\" class=\"vc_row wpb_row vc_row-fluid vc_custom_1578261620615 vc_row-has-fill la_fp_slide la_fp_child_section\"><div class=\"wpb_animate_when_almost_visible wpb_fadeIn fadeIn wpb_column vc_column_container vc_col-sm-2\"><div class=\"vc_column-inner\"><div class=\"wpb_wrapper\"><\/div><\/div><\/div><div class=\"wpb_animate_when_almost_visible wpb_fadeIn fadeIn wpb_column vc_column_container vc_col-sm-8\"><div class=\"vc_column-inner\"><div class=\"wpb_wrapper\"><div id=\"la_divider69e7399c0b578\" class=\"js-el la-divider la-unit-responsive\" data-la_component=\"UnitResponsive\"  data-el_target='#la_divider69e7399c0b578'  data-el_media_sizes='{&quot;padding-top&quot;:&quot;lg:65px;&quot;}' ><\/div>\n\n<div class=\"wpcf7 no-js\" id=\"wpcf7-f4-o1\" lang=\"de-DE\" dir=\"ltr\" data-wpcf7-id=\"4\">\n<div class=\"screen-reader-response\"><p role=\"status\" aria-live=\"polite\" aria-atomic=\"true\"><\/p> <ul><\/ul><\/div>\n<form action=\"\/en\/wp-json\/wp\/v2\/pages\/2888#wpcf7-f4-o1\" method=\"post\" class=\"wpcf7-form init wpcf7-acceptance-as-validation\" aria-label=\"Contact Form\" novalidate=\"novalidate\" data-status=\"init\" data-trp-original-action=\"\/en\/wp-json\/wp\/v2\/pages\/2888#wpcf7-f4-o1\">\n<fieldset class=\"hidden-fields-container\"><input type=\"hidden\" name=\"_wpcf7\" value=\"4\" \/><input type=\"hidden\" name=\"_wpcf7_version\" value=\"6.1.5\" \/><input type=\"hidden\" name=\"_wpcf7_locale\" value=\"de_DE\" \/><input type=\"hidden\" name=\"_wpcf7_unit_tag\" value=\"wpcf7-f4-o1\" \/><input type=\"hidden\" name=\"_wpcf7_container_post\" value=\"0\" \/><input type=\"hidden\" name=\"_wpcf7_posted_data_hash\" value=\"\" \/>\n<\/fieldset>\n<p>Please fill out all required fields so that we can contact you. Fields with an asterisk (*) are mandatory.\n<\/p>\n<p><label> <strong> FIRST NAME and SURNAME * <\/strong> (Required)<br \/>\n<span class=\"wpcf7-form-control-wrap\" data-name=\"your-name\"><input size=\"40\" maxlength=\"400\" class=\"wpcf7-form-control wpcf7-text wpcf7-validates-as-required\" aria-required=\"true\" aria-invalid=\"false\" value=\"\" type=\"text\" name=\"your-name\" \/><\/span> <\/label>\n<\/p>\n<p><label> <strong> E-MAIL ADDRESS* <\/strong> (Required)<br \/>\n<span class=\"wpcf7-form-control-wrap\" data-name=\"your-email\"><input size=\"40\" maxlength=\"400\" class=\"wpcf7-form-control wpcf7-email wpcf7-validates-as-required wpcf7-text wpcf7-validates-as-email\" aria-required=\"true\" aria-invalid=\"false\" value=\"\" type=\"email\" name=\"your-email\" \/><\/span> <\/label>\n<\/p>\n<p><label> <strong> PHONE NUMBER <\/strong> (Required)<br \/>\n<span class=\"wpcf7-form-control-wrap\" data-name=\"tel-44\"><input size=\"40\" maxlength=\"400\" class=\"wpcf7-form-control wpcf7-tel wpcf7-text wpcf7-validates-as-tel\" aria-invalid=\"false\" value=\"\" type=\"tel\" name=\"tel-44\" \/><\/span> <\/label>\n<\/p>\n<p><label> <strong> Subject <\/strong><br \/>\n<span class=\"wpcf7-form-control-wrap\" data-name=\"your-subject\"><input size=\"40\" maxlength=\"400\" class=\"wpcf7-form-control wpcf7-text\" aria-invalid=\"false\" value=\"\" type=\"text\" name=\"your-subject\" \/><\/span> <\/label>\n<\/p>\n<p><label> <strong> YOUR REQUEST <\/strong><br \/>\n<span class=\"wpcf7-form-control-wrap\" data-name=\"your-message\"><textarea cols=\"40\" rows=\"10\" maxlength=\"2000\" class=\"wpcf7-form-control wpcf7-textarea\" aria-invalid=\"false\" name=\"your-message\"><\/textarea><\/span> <\/label>\n<\/p>\n<p style=\"text-align: left;\">The data you provide will only be used to answer your request, will not be passed on, evaluated in any other way or saved beyond the legal requirements. You can find more information in our <a href=\"http:\/\/studio-bq.com\/en\/datenschutzerklaerung\/\" rel=\"noopener\">Data Protection<\/a>.\n<\/p>\n<p>I have read and understood the privacy policy and I consent to the processing of my personal data as described there (Art. 6 I a GDPR).\n<\/p>\n<p style=\"text-align: center;\"><a href=\"http:\/\/studio-bq.com\/en\/datenschutzerklaerung\/\" rel=\"noopener\"> Read Privacy Policy<\/a>\n<\/p>\n<p style=\"text-align: center;\"><span class=\"wpcf7-form-control-wrap\" data-name=\"acceptance-662\"><span class=\"wpcf7-form-control wpcf7-acceptance\"><span class=\"wpcf7-list-item\"><label><input type=\"checkbox\" name=\"acceptance-662\" value=\"1\" class=\"classbar\" id=\"idcheck_dsgvo\" aria-invalid=\"false\" \/><span class=\"wpcf7-list-item-label\">comply<\/span><\/label><\/span><\/span><\/span>\n<\/p>\n<p style=\"text-align: right;\"><input class=\"wpcf7-form-control wpcf7-submit has-spinner\" type=\"submit\" value=\"SEND INQUIRY\" \/>\n<\/p><div class=\"wpcf7-response-output\" aria-hidden=\"true\"><\/div>\n<input type=\"hidden\" name=\"trp-form-language\" value=\"en\"\/><\/form>\n<\/div>\n<div id=\"la_heading_69e7399c0d9fa\" class=\"la-headings text-left vc_custom_1578259479788\"><\/div>\n<div id=\"la_divider69e7399c0da5e\" class=\"js-el la-divider la-unit-responsive\" data-la_component=\"UnitResponsive\"  data-el_target='#la_divider69e7399c0da5e'  data-el_media_sizes='{&quot;padding-top&quot;:&quot;lg:65px;&quot;}' ><\/div>\n<\/div><\/div><\/div><div class=\"wpb_column vc_column_container vc_col-sm-2\"><div class=\"vc_column-inner\"><div class=\"wpb_wrapper\"><\/div><\/div><\/div><\/div><div class=\"vc_row-full-width vc_clearfix\"><\/div><div class=\"vc_row wpb_row vc_row-fluid vc_custom_1578261684525 vc_row-has-fill la_fp_slide la_fp_child_section\"><div class=\"wpb_column vc_column_container vc_col-sm-12 vc_col-has-fill\"><div class=\"vc_column-inner vc_custom_1578261733109\"><div class=\"wpb_wrapper\"><div id=\"la_divider69e7399c0de66\" class=\"js-el la-divider la-unit-responsive\" data-la_component=\"UnitResponsive\"  data-el_target='#la_divider69e7399c0de66'  data-el_media_sizes='{&quot;padding-top&quot;:&quot;lg:135px;&quot;}' ><\/div>\n<\/div><\/div><\/div><\/div>","protected":false},"excerpt":{"rendered":"Gut\u00adscheinSie m\u00f6chten gerne ein Beratungsgespr\u00e4ch, eine Doppelstunde K\u00f6rpertraining oder einen Gutschein f\u00fcr Home Equipment verschenken? Gut\u00adschein be\u00adstel\u00adlen Bitte kontaktieren Sie&hellip;","protected":false},"author":1,"featured_media":0,"parent":0,"menu_order":18,"comment_status":"closed","ping_status":"closed","template":"","meta":{"footnotes":""},"class_list":["post-2888","page","type-page","status-publish","hentry"],"_links":{"self":[{"href":"https:\/\/studio-bq.com\/en\/wp-json\/wp\/v2\/pages\/2888","targetHints":{"allow":["GET"]}}],"collection":[{"href":"https:\/\/studio-bq.com\/en\/wp-json\/wp\/v2\/pages"}],"about":[{"href":"https:\/\/studio-bq.com\/en\/wp-json\/wp\/v2\/types\/page"}],"author":[{"embeddable":true,"href":"https:\/\/studio-bq.com\/en\/wp-json\/wp\/v2\/users\/1"}],"replies":[{"embeddable":true,"href":"https:\/\/studio-bq.com\/en\/wp-json\/wp\/v2\/comments?post=2888"}],"version-history":[{"count":0,"href":"https:\/\/studio-bq.com\/en\/wp-json\/wp\/v2\/pages\/2888\/revisions"}],"wp:attachment":[{"href":"https:\/\/studio-bq.com\/en\/wp-json\/wp\/v2\/media?parent=2888"}],"curies":[{"name":"wp","href":"https:\/\/api.w.org\/{rel}","templated":true}]}}